{"id":1249,"date":"2022-08-24T01:48:56","date_gmt":"2022-08-24T06:48:56","guid":{"rendered":"https:\/\/www.bestiario.art\/?page_id=1249"},"modified":"2025-10-15T11:48:39","modified_gmt":"2025-10-15T17:48:39","slug":"coleccion","status":"publish","type":"page","link":"https:\/\/rodrigosolorzano.com\/en\/coleccion\/","title":{"rendered":"Collection"},"content":{"rendered":"<div data-elementor-type=\"wp-page\" data-elementor-id=\"1249\" class=\"elementor elementor-1249\" data-elementor-post-type=\"page\">\n\t\t\t\t\t\t<section class=\"elementor-section elementor-top-section elementor-element elementor-element-58c87f6 elementor-section-boxed elementor-section-height-default elementor-section-height-default\" data-id=\"58c87f6\" data-element_type=\"section\">\n\t\t\t\t\t\t<div class=\"elementor-container elementor-column-gap-default\">\n\t\t\t\t\t<div class=\"elementor-column elementor-col-50 elementor-top-column elementor-element elementor-element-1b12caf\" data-id=\"1b12caf\" data-element_type=\"column\">\n\t\t\t<div class=\"elementor-widget-wrap elementor-element-populated\">\n\t\t\t\t\t\t<div class=\"elementor-element elementor-element-ff6a499 elementor-widget elementor-widget-image\" data-id=\"ff6a499\" data-element_type=\"widget\" data-widget_type=\"image.default\">\n\t\t\t\t<div class=\"elementor-widget-container\">\n\t\t\t\t\t\t\t\t\t\t\t\t\t\t\t\t<a href=\"\/en\/product-category\/juguetes\/\">\n\t\t\t\t\t\t\t<img fetchpriority=\"high\" decoding=\"async\" width=\"1000\" height=\"750\" src=\"https:\/\/rodrigosolorzano.com\/wp-content\/uploads\/2022\/08\/coleccion-gorila.jpg\" class=\"attachment-full size-full wp-image-1281\" alt=\"\" srcset=\"https:\/\/rodrigosolorzano.com\/wp-content\/uploads\/2022\/08\/coleccion-gorila.jpg 1000w, https:\/\/rodrigosolorzano.com\/wp-content\/uploads\/2022\/08\/coleccion-gorila-300x225.jpg 300w, https:\/\/rodrigosolorzano.com\/wp-content\/uploads\/2022\/08\/coleccion-gorila-768x576.jpg 768w\" sizes=\"(max-width: 1000px) 100vw, 1000px\" \/>\t\t\t\t\t\t\t\t<\/a>\n\t\t\t\t\t\t\t\t\t\t\t\t\t\t\t<\/div>\n\t\t\t\t<\/div>\n\t\t\t\t<div class=\"elementor-element elementor-element-4fbed52 elementor-widget elementor-widget-heading\" data-id=\"4fbed52\" data-element_type=\"widget\" data-widget_type=\"heading.default\">\n\t\t\t\t<div class=\"elementor-widget-container\">\n\t\t\t\t\t<h2 class=\"elementor-heading-title elementor-size-default\"><a href=\"\/en\/product-category\/juguetes\/\">Toys<\/a><\/h2>\t\t\t\t<\/div>\n\t\t\t\t<\/div>\n\t\t\t\t\t<\/div>\n\t\t<\/div>\n\t\t\t\t<div class=\"elementor-column elementor-col-50 elementor-top-column elementor-element elementor-element-5660bdf\" data-id=\"5660bdf\" data-element_type=\"column\">\n\t\t\t<div class=\"elementor-widget-wrap elementor-element-populated\">\n\t\t\t\t\t\t<div class=\"elementor-element elementor-element-03f843a elementor-widget elementor-widget-image\" data-id=\"03f843a\" data-element_type=\"widget\" data-widget_type=\"image.default\">\n\t\t\t\t<div class=\"elementor-widget-container\">\n\t\t\t\t\t\t\t\t\t\t\t\t\t\t\t\t<a href=\"https:\/\/rodrigosolorzano.com\/en\/category\/todos\/escarabajos\/\">\n\t\t\t\t\t\t\t<img decoding=\"async\" width=\"1000\" height=\"750\" src=\"https:\/\/rodrigosolorzano.com\/wp-content\/uploads\/2022\/08\/coleccion-escarabajo-hercules.jpg\" class=\"attachment-full size-full wp-image-1278\" alt=\"\" srcset=\"https:\/\/rodrigosolorzano.com\/wp-content\/uploads\/2022\/08\/coleccion-escarabajo-hercules.jpg 1000w, https:\/\/rodrigosolorzano.com\/wp-content\/uploads\/2022\/08\/coleccion-escarabajo-hercules-300x225.jpg 300w, https:\/\/rodrigosolorzano.com\/wp-content\/uploads\/2022\/08\/coleccion-escarabajo-hercules-768x576.jpg 768w\" sizes=\"(max-width: 1000px) 100vw, 1000px\" \/>\t\t\t\t\t\t\t\t<\/a>\n\t\t\t\t\t\t\t\t\t\t\t\t\t\t\t<\/div>\n\t\t\t\t<\/div>\n\t\t\t\t<div class=\"elementor-element elementor-element-26a679a elementor-widget elementor-widget-heading\" data-id=\"26a679a\" data-element_type=\"widget\" data-widget_type=\"heading.default\">\n\t\t\t\t<div class=\"elementor-widget-container\">\n\t\t\t\t\t<h2 class=\"elementor-heading-title elementor-size-default\"><a href=\"https:\/\/rodrigosolorzano.com\/en\/category\/todos\/escarabajos\/\">Beetles<\/a><\/h2>\t\t\t\t<\/div>\n\t\t\t\t<\/div>\n\t\t\t\t\t<\/div>\n\t\t<\/div>\n\t\t\t\t\t<\/div>\n\t\t<\/section>\n\t\t\t\t<section class=\"elementor-section elementor-top-section elementor-element elementor-element-4e398a6 elementor-section-boxed elementor-section-height-default elementor-section-height-default\" data-id=\"4e398a6\" data-element_type=\"section\">\n\t\t\t\t\t\t<div class=\"elementor-container elementor-column-gap-default\">\n\t\t\t\t\t<div class=\"elementor-column elementor-col-50 elementor-top-column elementor-element elementor-element-2b81f8d\" data-id=\"2b81f8d\" data-element_type=\"column\">\n\t\t\t<div class=\"elementor-widget-wrap elementor-element-populated\">\n\t\t\t\t\t\t<div class=\"elementor-element elementor-element-c2a1654 elementor-widget elementor-widget-image\" data-id=\"c2a1654\" data-element_type=\"widget\" data-widget_type=\"image.default\">\n\t\t\t\t<div class=\"elementor-widget-container\">\n\t\t\t\t\t\t\t\t\t\t\t\t\t\t\t\t<a href=\"https:\/\/rodrigosolorzano.com\/en\/category\/todos\/endemicos\/\">\n\t\t\t\t\t\t\t<img decoding=\"async\" width=\"1440\" height=\"1080\" src=\"https:\/\/rodrigosolorzano.com\/wp-content\/uploads\/2023\/01\/Axo_1-hd.jpg\" class=\"attachment-full size-full wp-image-3576\" alt=\"\" srcset=\"https:\/\/rodrigosolorzano.com\/wp-content\/uploads\/2023\/01\/Axo_1-hd.jpg 1440w, https:\/\/rodrigosolorzano.com\/wp-content\/uploads\/2023\/01\/Axo_1-hd-300x225.jpg 300w, https:\/\/rodrigosolorzano.com\/wp-content\/uploads\/2023\/01\/Axo_1-hd-1024x768.jpg 1024w, https:\/\/rodrigosolorzano.com\/wp-content\/uploads\/2023\/01\/Axo_1-hd-768x576.jpg 768w, https:\/\/rodrigosolorzano.com\/wp-content\/uploads\/2023\/01\/Axo_1-hd-16x12.jpg 16w\" sizes=\"(max-width: 1440px) 100vw, 1440px\" \/>\t\t\t\t\t\t\t\t<\/a>\n\t\t\t\t\t\t\t\t\t\t\t\t\t\t\t<\/div>\n\t\t\t\t<\/div>\n\t\t\t\t<div class=\"elementor-element elementor-element-6d53970 elementor-widget elementor-widget-heading\" data-id=\"6d53970\" data-element_type=\"widget\" data-widget_type=\"heading.default\">\n\t\t\t\t<div class=\"elementor-widget-container\">\n\t\t\t\t\t<h2 class=\"elementor-heading-title elementor-size-default\"><a href=\"https:\/\/rodrigosolorzano.com\/en\/category\/todos\/endemicos\/\">Endemic<\/a><\/h2>\t\t\t\t<\/div>\n\t\t\t\t<\/div>\n\t\t\t\t\t<\/div>\n\t\t<\/div>\n\t\t\t\t<div class=\"elementor-column elementor-col-50 elementor-top-column elementor-element elementor-element-1df6e56\" data-id=\"1df6e56\" data-element_type=\"column\">\n\t\t\t<div class=\"elementor-widget-wrap elementor-element-populated\">\n\t\t\t\t\t\t<div class=\"elementor-element elementor-element-6718a62 elementor-widget elementor-widget-image\" data-id=\"6718a62\" data-element_type=\"widget\" data-widget_type=\"image.default\">\n\t\t\t\t<div class=\"elementor-widget-container\">\n\t\t\t\t\t\t\t\t\t\t\t\t\t\t\t\t<a href=\"https:\/\/rodrigosolorzano.com\/en\/category\/todos\/disenos-especiales\/\">\n\t\t\t\t\t\t\t<img loading=\"lazy\" decoding=\"async\" width=\"1439\" height=\"1080\" src=\"https:\/\/rodrigosolorzano.com\/wp-content\/uploads\/2023\/11\/KOI.4-Grande.jpg\" class=\"attachment-full size-full wp-image-3781\" alt=\"\" srcset=\"https:\/\/rodrigosolorzano.com\/wp-content\/uploads\/2023\/11\/KOI.4-Grande.jpg 1439w, https:\/\/rodrigosolorzano.com\/wp-content\/uploads\/2023\/11\/KOI.4-Grande-300x225.jpg 300w, https:\/\/rodrigosolorzano.com\/wp-content\/uploads\/2023\/11\/KOI.4-Grande-1024x769.jpg 1024w, https:\/\/rodrigosolorzano.com\/wp-content\/uploads\/2023\/11\/KOI.4-Grande-768x576.jpg 768w, https:\/\/rodrigosolorzano.com\/wp-content\/uploads\/2023\/11\/KOI.4-Grande-16x12.jpg 16w\" sizes=\"(max-width: 1439px) 100vw, 1439px\" \/>\t\t\t\t\t\t\t\t<\/a>\n\t\t\t\t\t\t\t\t\t\t\t\t\t\t\t<\/div>\n\t\t\t\t<\/div>\n\t\t\t\t<div class=\"elementor-element elementor-element-d0db0f5 elementor-widget elementor-widget-heading\" data-id=\"d0db0f5\" data-element_type=\"widget\" data-widget_type=\"heading.default\">\n\t\t\t\t<div class=\"elementor-widget-container\">\n\t\t\t\t\t<h2 class=\"elementor-heading-title elementor-size-default\"><a href=\"https:\/\/rodrigosolorzano.com\/en\/category\/todos\/disenos-especiales\/\">Special Designs<\/a><\/h2>\t\t\t\t<\/div>\n\t\t\t\t<\/div>\n\t\t\t\t\t<\/div>\n\t\t<\/div>\n\t\t\t\t\t<\/div>\n\t\t<\/section>\n\t\t\t\t<section class=\"elementor-section elementor-top-section elementor-element elementor-element-ceafc38 elementor-section-boxed elementor-section-height-default elementor-section-height-default\" data-id=\"ceafc38\" data-element_type=\"section\">\n\t\t\t\t\t\t<div class=\"elementor-container elementor-column-gap-default\">\n\t\t\t\t\t<div class=\"elementor-column elementor-col-50 elementor-top-column elementor-element elementor-element-b1974a6\" data-id=\"b1974a6\" data-element_type=\"column\">\n\t\t\t<div class=\"elementor-widget-wrap elementor-element-populated\">\n\t\t\t\t\t\t<div class=\"elementor-element elementor-element-d858514 elementor-widget elementor-widget-image\" data-id=\"d858514\" data-element_type=\"widget\" data-widget_type=\"image.default\">\n\t\t\t\t<div class=\"elementor-widget-container\">\n\t\t\t\t\t\t\t\t\t\t\t\t\t\t\t\t<a href=\"https:\/\/rodrigosolorzano.com\/en\/category\/todos\/\">\n\t\t\t\t\t\t\t<img loading=\"lazy\" decoding=\"async\" width=\"1440\" height=\"1080\" src=\"https:\/\/rodrigosolorzano.com\/wp-content\/uploads\/2023\/11\/COLLECION.TODOS-Grande.jpg\" class=\"attachment-full size-full wp-image-3787\" alt=\"\" srcset=\"https:\/\/rodrigosolorzano.com\/wp-content\/uploads\/2023\/11\/COLLECION.TODOS-Grande.jpg 1440w, https:\/\/rodrigosolorzano.com\/wp-content\/uploads\/2023\/11\/COLLECION.TODOS-Grande-300x225.jpg 300w, https:\/\/rodrigosolorzano.com\/wp-content\/uploads\/2023\/11\/COLLECION.TODOS-Grande-1024x768.jpg 1024w, https:\/\/rodrigosolorzano.com\/wp-content\/uploads\/2023\/11\/COLLECION.TODOS-Grande-768x576.jpg 768w, https:\/\/rodrigosolorzano.com\/wp-content\/uploads\/2023\/11\/COLLECION.TODOS-Grande-16x12.jpg 16w\" sizes=\"(max-width: 1440px) 100vw, 1440px\" \/>\t\t\t\t\t\t\t\t<\/a>\n\t\t\t\t\t\t\t\t\t\t\t\t\t\t\t<\/div>\n\t\t\t\t<\/div>\n\t\t\t\t<div class=\"elementor-element elementor-element-51770a7 elementor-widget elementor-widget-heading\" data-id=\"51770a7\" data-element_type=\"widget\" data-widget_type=\"heading.default\">\n\t\t\t\t<div class=\"elementor-widget-container\">\n\t\t\t\t\t<h2 class=\"elementor-heading-title elementor-size-default\"><a href=\"https:\/\/rodrigosolorzano.com\/en\/category\/todos\/\">All<\/a><\/h2>\t\t\t\t<\/div>\n\t\t\t\t<\/div>\n\t\t\t\t\t<\/div>\n\t\t<\/div>\n\t\t\t\t<div class=\"elementor-column elementor-col-50 elementor-top-column elementor-element elementor-element-37b4537\" data-id=\"37b4537\" data-element_type=\"column\">\n\t\t\t<div class=\"elementor-widget-wrap\">\n\t\t\t\t\t\t\t<\/div>\n\t\t<\/div>\n\t\t\t\t\t<\/div>\n\t\t<\/section>\n\t\t\t\t<\/div>","protected":false},"excerpt":{"rendered":"<p>Endemic Beetle Toys Special Designs All<\/p>","protected":false},"author":1,"featured_media":0,"parent":0,"menu_order":0,"comment_status":"closed","ping_status":"closed","template":"elementor_header_footer","meta":{"_acf_changed":false,"footnotes":""},"class_list":["post-1249","page","type-page","status-publish","hentry"],"acf":[],"yoast_head":"<!-- This site is optimized with the Yoast SEO plugin v26.0 - https:\/\/yoast.com\/wordpress\/plugins\/seo\/ -->\n<title>Colecci\u00f3n - Rodrigo Solorzano<\/title>\n<meta name=\"robots\" content=\"noindex, follow, max-snippet:-1, max-image-preview:large, max-video-preview:-1\" \/>\n<meta property=\"og:locale\" content=\"en_US\" \/>\n<meta property=\"og:type\" content=\"article\" \/>\n<meta property=\"og:title\" content=\"Colecci\u00f3n - Rodrigo Solorzano\" \/>\n<meta property=\"og:description\" content=\"Juguetes Escarabajos End\u00e9micos Dise\u00f1os Especiales Todos\" \/>\n<meta property=\"og:url\" content=\"https:\/\/rodrigosolorzano.com\/en\/coleccion\/\" \/>\n<meta property=\"og:site_name\" content=\"Rodrigo Solorzano\" \/>\n<meta property=\"article:modified_time\" content=\"2025-10-15T17:48:39+00:00\" \/>\n<meta property=\"og:image\" content=\"https:\/\/rodrigosolorzano.com\/wp-content\/uploads\/2022\/08\/coleccion-gorila.jpg\" \/>\n\t<meta property=\"og:image:width\" content=\"1000\" \/>\n\t<meta property=\"og:image:height\" content=\"750\" \/>\n\t<meta property=\"og:image:type\" content=\"image\/jpeg\" \/>\n<meta name=\"twitter:card\" content=\"summary_large_image\" \/>\n<meta name=\"twitter:label1\" content=\"Est. reading time\" \/>\n\t<meta name=\"twitter:data1\" content=\"2 minutes\" \/>\n<script type=\"application\/ld+json\" class=\"yoast-schema-graph\">{\"@context\":\"https:\/\/schema.org\",\"@graph\":[{\"@type\":\"WebPage\",\"@id\":\"https:\/\/rodrigosolorzano.com\/coleccion\/\",\"url\":\"https:\/\/rodrigosolorzano.com\/coleccion\/\",\"name\":\"Colecci\u00f3n - Rodrigo Solorzano\",\"isPartOf\":{\"@id\":\"https:\/\/rodrigosolorzano.com\/#website\"},\"primaryImageOfPage\":{\"@id\":\"https:\/\/rodrigosolorzano.com\/coleccion\/#primaryimage\"},\"image\":{\"@id\":\"https:\/\/rodrigosolorzano.com\/coleccion\/#primaryimage\"},\"thumbnailUrl\":\"https:\/\/rodrigosolorzano.com\/wp-content\/uploads\/2022\/08\/coleccion-gorila.jpg\",\"datePublished\":\"2022-08-24T06:48:56+00:00\",\"dateModified\":\"2025-10-15T17:48:39+00:00\",\"inLanguage\":\"en-US\",\"potentialAction\":[{\"@type\":\"ReadAction\",\"target\":[\"https:\/\/rodrigosolorzano.com\/coleccion\/\"]}]},{\"@type\":\"ImageObject\",\"inLanguage\":\"en-US\",\"@id\":\"https:\/\/rodrigosolorzano.com\/coleccion\/#primaryimage\",\"url\":\"https:\/\/rodrigosolorzano.com\/wp-content\/uploads\/2022\/08\/coleccion-gorila.jpg\",\"contentUrl\":\"https:\/\/rodrigosolorzano.com\/wp-content\/uploads\/2022\/08\/coleccion-gorila.jpg\"},{\"@type\":\"WebSite\",\"@id\":\"https:\/\/rodrigosolorzano.com\/#website\",\"url\":\"https:\/\/rodrigosolorzano.com\/\",\"name\":\"Rodrigo Solorzano\",\"description\":\"Estudio de Exploraci\u00f3n Escult\u00f3rica\",\"potentialAction\":[{\"@type\":\"SearchAction\",\"target\":{\"@type\":\"EntryPoint\",\"urlTemplate\":\"https:\/\/rodrigosolorzano.com\/?s={search_term_string}\"},\"query-input\":{\"@type\":\"PropertyValueSpecification\",\"valueRequired\":true,\"valueName\":\"search_term_string\"}}],\"inLanguage\":\"en-US\"}]}<\/script>\n<!-- \/ Yoast SEO plugin. -->","yoast_head_json":{"title":"Colecci\u00f3n - Rodrigo Solorzano","robots":{"index":"noindex","follow":"follow","max-snippet":"max-snippet:-1","max-image-preview":"max-image-preview:large","max-video-preview":"max-video-preview:-1"},"og_locale":"en_US","og_type":"article","og_title":"Colecci\u00f3n - Rodrigo Solorzano","og_description":"Juguetes Escarabajos End\u00e9micos Dise\u00f1os Especiales Todos","og_url":"https:\/\/rodrigosolorzano.com\/en\/coleccion\/","og_site_name":"Rodrigo Solorzano","article_modified_time":"2025-10-15T17:48:39+00:00","og_image":[{"width":1000,"height":750,"url":"https:\/\/rodrigosolorzano.com\/wp-content\/uploads\/2022\/08\/coleccion-gorila.jpg","type":"image\/jpeg"}],"twitter_card":"summary_large_image","twitter_misc":{"Est. reading time":"2 minutes"},"schema":{"@context":"https:\/\/schema.org","@graph":[{"@type":"WebPage","@id":"https:\/\/rodrigosolorzano.com\/coleccion\/","url":"https:\/\/rodrigosolorzano.com\/coleccion\/","name":"Colecci\u00f3n - Rodrigo Solorzano","isPartOf":{"@id":"https:\/\/rodrigosolorzano.com\/#website"},"primaryImageOfPage":{"@id":"https:\/\/rodrigosolorzano.com\/coleccion\/#primaryimage"},"image":{"@id":"https:\/\/rodrigosolorzano.com\/coleccion\/#primaryimage"},"thumbnailUrl":"https:\/\/rodrigosolorzano.com\/wp-content\/uploads\/2022\/08\/coleccion-gorila.jpg","datePublished":"2022-08-24T06:48:56+00:00","dateModified":"2025-10-15T17:48:39+00:00","inLanguage":"en-US","potentialAction":[{"@type":"ReadAction","target":["https:\/\/rodrigosolorzano.com\/coleccion\/"]}]},{"@type":"ImageObject","inLanguage":"en-US","@id":"https:\/\/rodrigosolorzano.com\/coleccion\/#primaryimage","url":"https:\/\/rodrigosolorzano.com\/wp-content\/uploads\/2022\/08\/coleccion-gorila.jpg","contentUrl":"https:\/\/rodrigosolorzano.com\/wp-content\/uploads\/2022\/08\/coleccion-gorila.jpg"},{"@type":"WebSite","@id":"https:\/\/rodrigosolorzano.com\/#website","url":"https:\/\/rodrigosolorzano.com\/","name":"Rodrigo Solorzano","description":"Sculptural Exploration Study","potentialAction":[{"@type":"SearchAction","target":{"@type":"EntryPoint","urlTemplate":"https:\/\/rodrigosolorzano.com\/?s={search_term_string}"},"query-input":{"@type":"PropertyValueSpecification","valueRequired":true,"valueName":"search_term_string"}}],"inLanguage":"en-US"}]}},"_links":{"self":[{"href":"https:\/\/rodrigosolorzano.com\/en\/wp-json\/wp\/v2\/pages\/1249","targetHints":{"allow":["GET"]}}],"collection":[{"href":"https:\/\/rodrigosolorzano.com\/en\/wp-json\/wp\/v2\/pages"}],"about":[{"href":"https:\/\/rodrigosolorzano.com\/en\/wp-json\/wp\/v2\/types\/page"}],"author":[{"embeddable":true,"href":"https:\/\/rodrigosolorzano.com\/en\/wp-json\/wp\/v2\/users\/1"}],"replies":[{"embeddable":true,"href":"https:\/\/rodrigosolorzano.com\/en\/wp-json\/wp\/v2\/comments?post=1249"}],"version-history":[{"count":0,"href":"https:\/\/rodrigosolorzano.com\/en\/wp-json\/wp\/v2\/pages\/1249\/revisions"}],"wp:attachment":[{"href":"https:\/\/rodrigosolorzano.com\/en\/wp-json\/wp\/v2\/media?parent=1249"}],"curies":[{"name":"wp","href":"https:\/\/api.w.org\/{rel}","templated":true}]}}