{"id":1412,"date":"2022-08-25T09:34:14","date_gmt":"2022-08-25T14:34:14","guid":{"rendered":"https:\/\/www.bestiario.art\/?page_id=1412"},"modified":"2025-10-20T13:19:35","modified_gmt":"2025-10-20T19:19:35","slug":"nosotros","status":"publish","type":"page","link":"https:\/\/rodrigosolorzano.com\/en\/nosotros\/","title":{"rendered":"About Us"},"content":{"rendered":"<div data-elementor-type=\"wp-page\" data-elementor-id=\"1412\" class=\"elementor elementor-1412\" data-elementor-post-type=\"page\">\n\t\t\t\t\t\t<section class=\"elementor-section elementor-top-section elementor-element elementor-element-2a82511 elementor-section-boxed elementor-section-height-default elementor-section-height-default\" data-id=\"2a82511\" data-element_type=\"section\">\n\t\t\t\t\t\t<div class=\"elementor-container elementor-column-gap-default\">\n\t\t\t\t\t<div class=\"elementor-column elementor-col-100 elementor-top-column elementor-element elementor-element-925a921\" data-id=\"925a921\" data-element_type=\"column\">\n\t\t\t<div class=\"elementor-widget-wrap elementor-element-populated\">\n\t\t\t\t\t\t<div class=\"elementor-element elementor-element-54f6097 elementor-widget__width-initial elementor-widget elementor-widget-text-editor\" data-id=\"54f6097\" data-element_type=\"widget\" data-widget_type=\"text-editor.default\">\n\t\t\t\t<div class=\"elementor-widget-container\">\n\t\t\t\t\t\t\t\t\t<p>Rodrigo Sol\u00f3rzano is a multidisciplinary designer whose work encompasses product design, public art, and interactive technology. Born in Guadalajara, Mexico, his design training includes studies at the Universidad Iberoamericana in Mexico City and the Royal College of Art in London.<\/p><p>\u00a0<\/p><p>Rodrigo&#039;s career is marked by collaborations with brands such as Issey Miyake, Sony and Swarovski, and his creations can be found in diverse environments, from the British Parliament to luxury hotels in Morocco.<\/p><p>\u00a0<\/p><p>As co-founder of N&amp;R Foldings, a design studio operating between Mexico and Japan, Rodrigo partners with Naoki Kawamoto to specialize in digital generation and fabrication techniques inspired by the functional capabilities of origami. The studio focuses on creating innovative solutions for diverse products, combining folding principles with digital technology to develop designs that are both functionally sophisticated and aesthetically striking.<\/p><p>\u00a0<\/p><p>Rodrigo&#039;s work, exhibited internationally and featured in private collections in Morocco, Qatar, and Mexico, reflects the global appeal of his innovative approach. Through N&amp;R Foldings and his individual practice, Rodrigo continues to push the boundaries of contemporary design, uniting cultural influences and cutting-edge technology to create impactful and visually compelling products and environments.<\/p>\t\t\t\t\t\t\t\t<\/div>\n\t\t\t\t<\/div>\n\t\t\t\t<div class=\"elementor-element elementor-element-1a214a4 elementor-widget elementor-widget-spacer\" data-id=\"1a214a4\" data-element_type=\"widget\" data-widget_type=\"spacer.default\">\n\t\t\t\t<div class=\"elementor-widget-container\">\n\t\t\t\t\t\t\t<div class=\"elementor-spacer\">\n\t\t\t<div class=\"elementor-spacer-inner\"><\/div>\n\t\t<\/div>\n\t\t\t\t\t\t<\/div>\n\t\t\t\t<\/div>\n\t\t\t\t<div class=\"elementor-element elementor-element-05c6230 elementor-widget elementor-widget-html\" data-id=\"05c6230\" data-element_type=\"widget\" data-widget_type=\"html.default\">\n\t\t\t\t<div class=\"elementor-widget-container\">\n\t\t\t\t\t<div style=\"width: 100%; position: relative; padding-top: 56.25%\">\r\n  <iframe\r\n    style=\"position: absolute; top: 0; left: 0; width: 100%; height: 100%\"\r\n    allowtransparency=\"true\"\r\n    src=\"https:\/\/adilo.bigcommand.com\/watch\/OdBfWFoX?autoplay=1&muted=1&loop=1\"\r\n    frameborder=\"0\"\r\n    allowfullscreen\r\n mozallowfullscreen\r\n webkitallowfullscreen\r\n oallowfullscreen\r\n msallowfullscreen\r\n scrolling=\"no\">\r\n  <\/iframe>\r\n<\/div>\t\t\t\t<\/div>\n\t\t\t\t<\/div>\n\t\t\t\t\t<\/div>\n\t\t<\/div>\n\t\t\t\t\t<\/div>\n\t\t<\/section>\n\t\t\t\t<\/div>","protected":false},"excerpt":{"rendered":"<p>Rodrigo Sol\u00f3rzano is a multidisciplinary designer whose work encompasses product design, public art, and interactive technology. Born in Guadalajara, Mexico, his design training includes studies at the Universidad Iberoamericana in Mexico City and the Royal College of Art in London. Rodrigo&#039;s career is marked by collaborations with [\u2026]<\/p>","protected":false},"author":1,"featured_media":0,"parent":0,"menu_order":0,"comment_status":"closed","ping_status":"closed","template":"elementor_header_footer","meta":{"_acf_changed":false,"footnotes":""},"class_list":["post-1412","page","type-page","status-publish","hentry"],"acf":[],"yoast_head":"<!-- This site is optimized with the Yoast SEO plugin v26.0 - https:\/\/yoast.com\/wordpress\/plugins\/seo\/ -->\n<title>Nosotros - Rodrigo Solorzano<\/title>\n<meta name=\"robots\" content=\"noindex, follow, max-snippet:-1, max-image-preview:large, max-video-preview:-1\" \/>\n<meta property=\"og:locale\" content=\"en_US\" \/>\n<meta property=\"og:type\" content=\"article\" \/>\n<meta property=\"og:title\" content=\"Nosotros - Rodrigo Solorzano\" \/>\n<meta property=\"og:description\" content=\"Rodrigo Sol\u00f3rzano es un dise\u00f1ador multidisciplinario cuyo trabajo abarca el dise\u00f1o de producto, arte p\u00fablico y tecnolog\u00eda interactiva. Nacido en Guadalajara, M\u00e9xico, su formaci\u00f3n en dise\u00f1o incluye estudios en la Universidad Iberoamericana de la Ciudad de M\u00e9xico y el Royal College of Art de Londres. \u00a0 La carrera de Rodrigo est\u00e1 marcada por colaboraciones con [&hellip;]\" \/>\n<meta property=\"og:url\" content=\"https:\/\/rodrigosolorzano.com\/en\/nosotros\/\" \/>\n<meta property=\"og:site_name\" content=\"Rodrigo Solorzano\" \/>\n<meta property=\"article:modified_time\" content=\"2025-10-20T19:19:35+00:00\" \/>\n<meta name=\"twitter:card\" content=\"summary_large_image\" \/>\n<meta name=\"twitter:label1\" content=\"Est. reading time\" \/>\n\t<meta name=\"twitter:data1\" content=\"1 minute\" \/>\n<script type=\"application\/ld+json\" class=\"yoast-schema-graph\">{\"@context\":\"https:\/\/schema.org\",\"@graph\":[{\"@type\":\"WebPage\",\"@id\":\"https:\/\/rodrigosolorzano.com\/nosotros\/\",\"url\":\"https:\/\/rodrigosolorzano.com\/nosotros\/\",\"name\":\"Nosotros - Rodrigo Solorzano\",\"isPartOf\":{\"@id\":\"https:\/\/rodrigosolorzano.com\/#website\"},\"datePublished\":\"2022-08-25T14:34:14+00:00\",\"dateModified\":\"2025-10-20T19:19:35+00:00\",\"inLanguage\":\"en-US\",\"potentialAction\":[{\"@type\":\"ReadAction\",\"target\":[\"https:\/\/rodrigosolorzano.com\/nosotros\/\"]}]},{\"@type\":\"WebSite\",\"@id\":\"https:\/\/rodrigosolorzano.com\/#website\",\"url\":\"https:\/\/rodrigosolorzano.com\/\",\"name\":\"Rodrigo Solorzano\",\"description\":\"Estudio de Exploraci\u00f3n Escult\u00f3rica\",\"potentialAction\":[{\"@type\":\"SearchAction\",\"target\":{\"@type\":\"EntryPoint\",\"urlTemplate\":\"https:\/\/rodrigosolorzano.com\/?s={search_term_string}\"},\"query-input\":{\"@type\":\"PropertyValueSpecification\",\"valueRequired\":true,\"valueName\":\"search_term_string\"}}],\"inLanguage\":\"en-US\"}]}<\/script>\n<!-- \/ Yoast SEO plugin. -->","yoast_head_json":{"title":"Nosotros - Rodrigo Solorzano","robots":{"index":"noindex","follow":"follow","max-snippet":"max-snippet:-1","max-image-preview":"max-image-preview:large","max-video-preview":"max-video-preview:-1"},"og_locale":"en_US","og_type":"article","og_title":"Nosotros - Rodrigo Solorzano","og_description":"Rodrigo Sol\u00f3rzano es un dise\u00f1ador multidisciplinario cuyo trabajo abarca el dise\u00f1o de producto, arte p\u00fablico y tecnolog\u00eda interactiva. Nacido en Guadalajara, M\u00e9xico, su formaci\u00f3n en dise\u00f1o incluye estudios en la Universidad Iberoamericana de la Ciudad de M\u00e9xico y el Royal College of Art de Londres. \u00a0 La carrera de Rodrigo est\u00e1 marcada por colaboraciones con [&hellip;]","og_url":"https:\/\/rodrigosolorzano.com\/en\/nosotros\/","og_site_name":"Rodrigo Solorzano","article_modified_time":"2025-10-20T19:19:35+00:00","twitter_card":"summary_large_image","twitter_misc":{"Est. reading time":"1 minute"},"schema":{"@context":"https:\/\/schema.org","@graph":[{"@type":"WebPage","@id":"https:\/\/rodrigosolorzano.com\/nosotros\/","url":"https:\/\/rodrigosolorzano.com\/nosotros\/","name":"Nosotros - Rodrigo Solorzano","isPartOf":{"@id":"https:\/\/rodrigosolorzano.com\/#website"},"datePublished":"2022-08-25T14:34:14+00:00","dateModified":"2025-10-20T19:19:35+00:00","inLanguage":"en-US","potentialAction":[{"@type":"ReadAction","target":["https:\/\/rodrigosolorzano.com\/nosotros\/"]}]},{"@type":"WebSite","@id":"https:\/\/rodrigosolorzano.com\/#website","url":"https:\/\/rodrigosolorzano.com\/","name":"Rodrigo Solorzano","description":"Sculptural Exploration Study","potentialAction":[{"@type":"SearchAction","target":{"@type":"EntryPoint","urlTemplate":"https:\/\/rodrigosolorzano.com\/?s={search_term_string}"},"query-input":{"@type":"PropertyValueSpecification","valueRequired":true,"valueName":"search_term_string"}}],"inLanguage":"en-US"}]}},"_links":{"self":[{"href":"https:\/\/rodrigosolorzano.com\/en\/wp-json\/wp\/v2\/pages\/1412","targetHints":{"allow":["GET"]}}],"collection":[{"href":"https:\/\/rodrigosolorzano.com\/en\/wp-json\/wp\/v2\/pages"}],"about":[{"href":"https:\/\/rodrigosolorzano.com\/en\/wp-json\/wp\/v2\/types\/page"}],"author":[{"embeddable":true,"href":"https:\/\/rodrigosolorzano.com\/en\/wp-json\/wp\/v2\/users\/1"}],"replies":[{"embeddable":true,"href":"https:\/\/rodrigosolorzano.com\/en\/wp-json\/wp\/v2\/comments?post=1412"}],"version-history":[{"count":0,"href":"https:\/\/rodrigosolorzano.com\/en\/wp-json\/wp\/v2\/pages\/1412\/revisions"}],"wp:attachment":[{"href":"https:\/\/rodrigosolorzano.com\/en\/wp-json\/wp\/v2\/media?parent=1412"}],"curies":[{"name":"wp","href":"https:\/\/api.w.org\/{rel}","templated":true}]}}