{"id":1251,"date":"2022-08-24T01:49:42","date_gmt":"2022-08-24T06:49:42","guid":{"rendered":"https:\/\/www.bestiario.art\/?p=1251"},"modified":"2025-10-03T12:00:51","modified_gmt":"2025-10-03T18:00:51","slug":"escarabajo-ciervo","status":"publish","type":"product","link":"https:\/\/rodrigosolorzano.com\/en\/product\/escarabajo-ciervo\/","title":{"rendered":"Stag Beetle"},"content":{"rendered":"","protected":false},"excerpt":{"rendered":"<p>Some people call these beetles \"stag beetles\" because the males\u2019 jaws look like antlers. While most of them appear in the forests of Europe during the summer; this one spread its wings to reach the Mexican Caribbean, but its final destination is a mystery.<\/p>","protected":false},"featured_media":1277,"comment_status":"closed","ping_status":"closed","template":"","meta":{"_acf_changed":false},"product_brand":[],"product_cat":[42],"product_tag":[],"class_list":{"0":"post-1251","1":"product","2":"type-product","3":"status-publish","4":"has-post-thumbnail","6":"product_cat-sin-categorizar","8":"first","9":"instock","10":"shipping-taxable","11":"purchasable","12":"product-type-simple"},"acf":[],"yoast_head":"<!-- This site is optimized with the Yoast SEO plugin v26.0 - https:\/\/yoast.com\/wordpress\/plugins\/seo\/ -->\n<title>Escarabajo Ciervo - Rodrigo Solorzano<\/title>\n<meta name=\"robots\" content=\"noindex, follow, max-snippet:-1, max-image-preview:large, max-video-preview:-1\" \/>\n<meta property=\"og:locale\" content=\"en_US\" \/>\n<meta property=\"og:type\" content=\"article\" \/>\n<meta property=\"og:title\" content=\"Escarabajo Ciervo - Rodrigo Solorzano\" \/>\n<meta property=\"og:description\" content=\"Algunas personas han llamado a estos escarabajos \u00abciervos volantes\u00bb, pues las mand\u00edbulas de los machos parecen cuernos. La mayor\u00eda aparece en los bosques de Europa durante el verano, el nuestro despleg\u00f3 sus alas para llegar hasta el Caribe mexicano, pero a\u00fan no sabe cu\u00e1l ser\u00e1 su destino final.\" \/>\n<meta property=\"og:url\" content=\"https:\/\/rodrigosolorzano.com\/en\/product\/escarabajo-ciervo\/\" \/>\n<meta property=\"og:site_name\" content=\"Rodrigo Solorzano\" \/>\n<meta property=\"article:modified_time\" content=\"2025-10-03T18:00:51+00:00\" \/>\n<meta property=\"og:image\" content=\"https:\/\/rodrigosolorzano.com\/wp-content\/uploads\/2022\/08\/coleccion-escarabajo-ciervo.jpg\" \/>\n\t<meta property=\"og:image:width\" content=\"1000\" \/>\n\t<meta property=\"og:image:height\" content=\"750\" \/>\n\t<meta property=\"og:image:type\" content=\"image\/jpeg\" \/>\n<meta name=\"twitter:card\" content=\"summary_large_image\" \/>\n<meta name=\"twitter:label1\" content=\"Est. reading time\" \/>\n\t<meta name=\"twitter:data1\" content=\"1 minute\" \/>\n<script type=\"application\/ld+json\" class=\"yoast-schema-graph\">{\"@context\":\"https:\/\/schema.org\",\"@graph\":[{\"@type\":\"WebPage\",\"@id\":\"https:\/\/rodrigosolorzano.com\/producto\/escarabajo-ciervo\/\",\"url\":\"https:\/\/rodrigosolorzano.com\/producto\/escarabajo-ciervo\/\",\"name\":\"Escarabajo Ciervo - Rodrigo Solorzano\",\"isPartOf\":{\"@id\":\"https:\/\/rodrigosolorzano.com\/#website\"},\"primaryImageOfPage\":{\"@id\":\"https:\/\/rodrigosolorzano.com\/producto\/escarabajo-ciervo\/#primaryimage\"},\"image\":{\"@id\":\"https:\/\/rodrigosolorzano.com\/producto\/escarabajo-ciervo\/#primaryimage\"},\"thumbnailUrl\":\"https:\/\/rodrigosolorzano.com\/wp-content\/uploads\/2022\/08\/coleccion-escarabajo-ciervo.jpg\",\"datePublished\":\"2022-08-24T06:49:42+00:00\",\"dateModified\":\"2025-10-03T18:00:51+00:00\",\"breadcrumb\":{\"@id\":\"https:\/\/rodrigosolorzano.com\/producto\/escarabajo-ciervo\/#breadcrumb\"},\"inLanguage\":\"en-US\",\"potentialAction\":[{\"@type\":\"ReadAction\",\"target\":[\"https:\/\/rodrigosolorzano.com\/producto\/escarabajo-ciervo\/\"]}]},{\"@type\":\"ImageObject\",\"inLanguage\":\"en-US\",\"@id\":\"https:\/\/rodrigosolorzano.com\/producto\/escarabajo-ciervo\/#primaryimage\",\"url\":\"https:\/\/rodrigosolorzano.com\/wp-content\/uploads\/2022\/08\/coleccion-escarabajo-ciervo.jpg\",\"contentUrl\":\"https:\/\/rodrigosolorzano.com\/wp-content\/uploads\/2022\/08\/coleccion-escarabajo-ciervo.jpg\",\"width\":1000,\"height\":750},{\"@type\":\"BreadcrumbList\",\"@id\":\"https:\/\/rodrigosolorzano.com\/producto\/escarabajo-ciervo\/#breadcrumb\",\"itemListElement\":[{\"@type\":\"ListItem\",\"position\":1,\"name\":\"Tienda\",\"item\":\"https:\/\/rodrigosolorzano.com\/tienda\/\"},{\"@type\":\"ListItem\",\"position\":2,\"name\":\"Escarabajo Ciervo\"}]},{\"@type\":\"WebSite\",\"@id\":\"https:\/\/rodrigosolorzano.com\/#website\",\"url\":\"https:\/\/rodrigosolorzano.com\/\",\"name\":\"Rodrigo Solorzano\",\"description\":\"Estudio de Exploraci\u00f3n Escult\u00f3rica\",\"potentialAction\":[{\"@type\":\"SearchAction\",\"target\":{\"@type\":\"EntryPoint\",\"urlTemplate\":\"https:\/\/rodrigosolorzano.com\/?s={search_term_string}\"},\"query-input\":{\"@type\":\"PropertyValueSpecification\",\"valueRequired\":true,\"valueName\":\"search_term_string\"}}],\"inLanguage\":\"en-US\"}]}<\/script>\n<!-- \/ Yoast SEO plugin. -->","yoast_head_json":{"title":"Escarabajo Ciervo - Rodrigo Solorzano","robots":{"index":"noindex","follow":"follow","max-snippet":"max-snippet:-1","max-image-preview":"max-image-preview:large","max-video-preview":"max-video-preview:-1"},"og_locale":"en_US","og_type":"article","og_title":"Escarabajo Ciervo - Rodrigo Solorzano","og_description":"Algunas personas han llamado a estos escarabajos \u00abciervos volantes\u00bb, pues las mand\u00edbulas de los machos parecen cuernos. La mayor\u00eda aparece en los bosques de Europa durante el verano, el nuestro despleg\u00f3 sus alas para llegar hasta el Caribe mexicano, pero a\u00fan no sabe cu\u00e1l ser\u00e1 su destino final.","og_url":"https:\/\/rodrigosolorzano.com\/en\/product\/escarabajo-ciervo\/","og_site_name":"Rodrigo Solorzano","article_modified_time":"2025-10-03T18:00:51+00:00","og_image":[{"width":1000,"height":750,"url":"https:\/\/rodrigosolorzano.com\/wp-content\/uploads\/2022\/08\/coleccion-escarabajo-ciervo.jpg","type":"image\/jpeg"}],"twitter_card":"summary_large_image","twitter_misc":{"Est. reading time":"1 minute"},"schema":{"@context":"https:\/\/schema.org","@graph":[{"@type":"WebPage","@id":"https:\/\/rodrigosolorzano.com\/producto\/escarabajo-ciervo\/","url":"https:\/\/rodrigosolorzano.com\/producto\/escarabajo-ciervo\/","name":"Escarabajo Ciervo - Rodrigo Solorzano","isPartOf":{"@id":"https:\/\/rodrigosolorzano.com\/#website"},"primaryImageOfPage":{"@id":"https:\/\/rodrigosolorzano.com\/producto\/escarabajo-ciervo\/#primaryimage"},"image":{"@id":"https:\/\/rodrigosolorzano.com\/producto\/escarabajo-ciervo\/#primaryimage"},"thumbnailUrl":"https:\/\/rodrigosolorzano.com\/wp-content\/uploads\/2022\/08\/coleccion-escarabajo-ciervo.jpg","datePublished":"2022-08-24T06:49:42+00:00","dateModified":"2025-10-03T18:00:51+00:00","breadcrumb":{"@id":"https:\/\/rodrigosolorzano.com\/producto\/escarabajo-ciervo\/#breadcrumb"},"inLanguage":"en-US","potentialAction":[{"@type":"ReadAction","target":["https:\/\/rodrigosolorzano.com\/producto\/escarabajo-ciervo\/"]}]},{"@type":"ImageObject","inLanguage":"en-US","@id":"https:\/\/rodrigosolorzano.com\/producto\/escarabajo-ciervo\/#primaryimage","url":"https:\/\/rodrigosolorzano.com\/wp-content\/uploads\/2022\/08\/coleccion-escarabajo-ciervo.jpg","contentUrl":"https:\/\/rodrigosolorzano.com\/wp-content\/uploads\/2022\/08\/coleccion-escarabajo-ciervo.jpg","width":1000,"height":750},{"@type":"BreadcrumbList","@id":"https:\/\/rodrigosolorzano.com\/producto\/escarabajo-ciervo\/#breadcrumb","itemListElement":[{"@type":"ListItem","position":1,"name":"Tienda","item":"https:\/\/rodrigosolorzano.com\/tienda\/"},{"@type":"ListItem","position":2,"name":"Escarabajo Ciervo"}]},{"@type":"WebSite","@id":"https:\/\/rodrigosolorzano.com\/#website","url":"https:\/\/rodrigosolorzano.com\/","name":"Rodrigo Solorzano","description":"Sculptural Exploration Study","potentialAction":[{"@type":"SearchAction","target":{"@type":"EntryPoint","urlTemplate":"https:\/\/rodrigosolorzano.com\/?s={search_term_string}"},"query-input":{"@type":"PropertyValueSpecification","valueRequired":true,"valueName":"search_term_string"}}],"inLanguage":"en-US"}]}},"_links":{"self":[{"href":"https:\/\/rodrigosolorzano.com\/en\/wp-json\/wp\/v2\/product\/1251","targetHints":{"allow":["GET"]}}],"collection":[{"href":"https:\/\/rodrigosolorzano.com\/en\/wp-json\/wp\/v2\/product"}],"about":[{"href":"https:\/\/rodrigosolorzano.com\/en\/wp-json\/wp\/v2\/types\/product"}],"replies":[{"embeddable":true,"href":"https:\/\/rodrigosolorzano.com\/en\/wp-json\/wp\/v2\/comments?post=1251"}],"version-history":[{"count":0,"href":"https:\/\/rodrigosolorzano.com\/en\/wp-json\/wp\/v2\/product\/1251\/revisions"}],"wp:featuredmedia":[{"embeddable":true,"href":"https:\/\/rodrigosolorzano.com\/en\/wp-json\/wp\/v2\/media\/1277"}],"wp:attachment":[{"href":"https:\/\/rodrigosolorzano.com\/en\/wp-json\/wp\/v2\/media?parent=1251"}],"wp:term":[{"taxonomy":"product_brand","embeddable":true,"href":"https:\/\/rodrigosolorzano.com\/en\/wp-json\/wp\/v2\/product_brand?post=1251"},{"taxonomy":"product_cat","embeddable":true,"href":"https:\/\/rodrigosolorzano.com\/en\/wp-json\/wp\/v2\/product_cat?post=1251"},{"taxonomy":"product_tag","embeddable":true,"href":"https:\/\/rodrigosolorzano.com\/en\/wp-json\/wp\/v2\/product_tag?post=1251"}],"curies":[{"name":"wp","href":"https:\/\/api.w.org\/{rel}","templated":true}]}}