{"id":1257,"date":"2022-08-24T01:51:27","date_gmt":"2022-08-24T06:51:27","guid":{"rendered":"https:\/\/www.bestiario.art\/?p=1257"},"modified":"2025-10-15T11:46:19","modified_gmt":"2025-10-15T17:46:19","slug":"escarabajo-hercules","status":"publish","type":"product","link":"https:\/\/rodrigosolorzano.com\/en\/product\/escarabajo-hercules\/","title":{"rendered":"Hercules Beetle"},"content":{"rendered":"","protected":false},"excerpt":{"rendered":"<p>Bearing the name of one of the greatest heroes of Greek mythology, this beetle has been living in the jungles of Central and South America for millennia. It is one of the largest beetles in the world and its two horns give it a strength that makes it worthy of its name.<\/p>","protected":false},"featured_media":1278,"comment_status":"closed","ping_status":"closed","template":"","meta":{"_acf_changed":false},"product_brand":[],"product_cat":[42,68],"product_tag":[],"class_list":{"0":"post-1257","1":"product","2":"type-product","3":"status-publish","4":"has-post-thumbnail","6":"product_cat-sin-categorizar","7":"product_cat-juguetes","9":"first","10":"instock","11":"shipping-taxable","12":"purchasable","13":"product-type-simple"},"acf":[],"yoast_head":"<!-- This site is optimized with the Yoast SEO plugin v26.0 - https:\/\/yoast.com\/wordpress\/plugins\/seo\/ -->\n<title>Escarabajo H\u00e9rcules - Rodrigo Solorzano<\/title>\n<meta name=\"robots\" content=\"noindex, follow, max-snippet:-1, max-image-preview:large, max-video-preview:-1\" \/>\n<meta property=\"og:locale\" content=\"en_US\" \/>\n<meta property=\"og:type\" content=\"article\" \/>\n<meta property=\"og:title\" content=\"Escarabajo H\u00e9rcules - Rodrigo Solorzano\" \/>\n<meta property=\"og:description\" content=\"Con el nombre de uno de los mayores h\u00e9roes de la mitolog\u00eda griega a cuestas, este escarabajo lleva milenios conviviendo con los habitantes de las selvas de Am\u00e9rica Central y del Sur. Es uno de los cole\u00f3pteros m\u00e1s grandes del mundo, sus dos cuernos le dan una fuerza que lo hace merecedor de su nombre. Nota: Esta Piezas incluye una base met\u00e1lica para ser montada a un muro.\" \/>\n<meta property=\"og:url\" content=\"https:\/\/rodrigosolorzano.com\/en\/product\/escarabajo-hercules\/\" \/>\n<meta property=\"og:site_name\" content=\"Rodrigo Solorzano\" \/>\n<meta property=\"article:modified_time\" content=\"2025-10-15T17:46:19+00:00\" \/>\n<meta property=\"og:image\" content=\"https:\/\/rodrigosolorzano.com\/wp-content\/uploads\/2022\/08\/coleccion-escarabajo-hercules.jpg\" \/>\n\t<meta property=\"og:image:width\" content=\"1000\" \/>\n\t<meta property=\"og:image:height\" content=\"750\" \/>\n\t<meta property=\"og:image:type\" content=\"image\/jpeg\" \/>\n<meta name=\"twitter:card\" content=\"summary_large_image\" \/>\n<script type=\"application\/ld+json\" class=\"yoast-schema-graph\">{\"@context\":\"https:\/\/schema.org\",\"@graph\":[{\"@type\":\"WebPage\",\"@id\":\"https:\/\/rodrigosolorzano.com\/producto\/escarabajo-hercules\/\",\"url\":\"https:\/\/rodrigosolorzano.com\/producto\/escarabajo-hercules\/\",\"name\":\"Escarabajo H\u00e9rcules - Rodrigo Solorzano\",\"isPartOf\":{\"@id\":\"https:\/\/rodrigosolorzano.com\/#website\"},\"primaryImageOfPage\":{\"@id\":\"https:\/\/rodrigosolorzano.com\/producto\/escarabajo-hercules\/#primaryimage\"},\"image\":{\"@id\":\"https:\/\/rodrigosolorzano.com\/producto\/escarabajo-hercules\/#primaryimage\"},\"thumbnailUrl\":\"https:\/\/rodrigosolorzano.com\/wp-content\/uploads\/2022\/08\/coleccion-escarabajo-hercules.jpg\",\"datePublished\":\"2022-08-24T06:51:27+00:00\",\"dateModified\":\"2025-10-15T17:46:19+00:00\",\"breadcrumb\":{\"@id\":\"https:\/\/rodrigosolorzano.com\/producto\/escarabajo-hercules\/#breadcrumb\"},\"inLanguage\":\"en-US\",\"potentialAction\":[{\"@type\":\"ReadAction\",\"target\":[\"https:\/\/rodrigosolorzano.com\/producto\/escarabajo-hercules\/\"]}]},{\"@type\":\"ImageObject\",\"inLanguage\":\"en-US\",\"@id\":\"https:\/\/rodrigosolorzano.com\/producto\/escarabajo-hercules\/#primaryimage\",\"url\":\"https:\/\/rodrigosolorzano.com\/wp-content\/uploads\/2022\/08\/coleccion-escarabajo-hercules.jpg\",\"contentUrl\":\"https:\/\/rodrigosolorzano.com\/wp-content\/uploads\/2022\/08\/coleccion-escarabajo-hercules.jpg\",\"width\":1000,\"height\":750},{\"@type\":\"BreadcrumbList\",\"@id\":\"https:\/\/rodrigosolorzano.com\/producto\/escarabajo-hercules\/#breadcrumb\",\"itemListElement\":[{\"@type\":\"ListItem\",\"position\":1,\"name\":\"Tienda\",\"item\":\"https:\/\/rodrigosolorzano.com\/tienda\/\"},{\"@type\":\"ListItem\",\"position\":2,\"name\":\"Escarabajo H\u00e9rcules\"}]},{\"@type\":\"WebSite\",\"@id\":\"https:\/\/rodrigosolorzano.com\/#website\",\"url\":\"https:\/\/rodrigosolorzano.com\/\",\"name\":\"Rodrigo Solorzano\",\"description\":\"Estudio de Exploraci\u00f3n Escult\u00f3rica\",\"potentialAction\":[{\"@type\":\"SearchAction\",\"target\":{\"@type\":\"EntryPoint\",\"urlTemplate\":\"https:\/\/rodrigosolorzano.com\/?s={search_term_string}\"},\"query-input\":{\"@type\":\"PropertyValueSpecification\",\"valueRequired\":true,\"valueName\":\"search_term_string\"}}],\"inLanguage\":\"en-US\"}]}<\/script>\n<!-- \/ Yoast SEO plugin. -->","yoast_head_json":{"title":"Escarabajo H\u00e9rcules - Rodrigo Solorzano","robots":{"index":"noindex","follow":"follow","max-snippet":"max-snippet:-1","max-image-preview":"max-image-preview:large","max-video-preview":"max-video-preview:-1"},"og_locale":"en_US","og_type":"article","og_title":"Escarabajo H\u00e9rcules - Rodrigo Solorzano","og_description":"Con el nombre de uno de los mayores h\u00e9roes de la mitolog\u00eda griega a cuestas, este escarabajo lleva milenios conviviendo con los habitantes de las selvas de Am\u00e9rica Central y del Sur. Es uno de los cole\u00f3pteros m\u00e1s grandes del mundo, sus dos cuernos le dan una fuerza que lo hace merecedor de su nombre. Nota: Esta Piezas incluye una base met\u00e1lica para ser montada a un muro.","og_url":"https:\/\/rodrigosolorzano.com\/en\/product\/escarabajo-hercules\/","og_site_name":"Rodrigo Solorzano","article_modified_time":"2025-10-15T17:46:19+00:00","og_image":[{"width":1000,"height":750,"url":"https:\/\/rodrigosolorzano.com\/wp-content\/uploads\/2022\/08\/coleccion-escarabajo-hercules.jpg","type":"image\/jpeg"}],"twitter_card":"summary_large_image","schema":{"@context":"https:\/\/schema.org","@graph":[{"@type":"WebPage","@id":"https:\/\/rodrigosolorzano.com\/producto\/escarabajo-hercules\/","url":"https:\/\/rodrigosolorzano.com\/producto\/escarabajo-hercules\/","name":"Escarabajo H\u00e9rcules - Rodrigo Solorzano","isPartOf":{"@id":"https:\/\/rodrigosolorzano.com\/#website"},"primaryImageOfPage":{"@id":"https:\/\/rodrigosolorzano.com\/producto\/escarabajo-hercules\/#primaryimage"},"image":{"@id":"https:\/\/rodrigosolorzano.com\/producto\/escarabajo-hercules\/#primaryimage"},"thumbnailUrl":"https:\/\/rodrigosolorzano.com\/wp-content\/uploads\/2022\/08\/coleccion-escarabajo-hercules.jpg","datePublished":"2022-08-24T06:51:27+00:00","dateModified":"2025-10-15T17:46:19+00:00","breadcrumb":{"@id":"https:\/\/rodrigosolorzano.com\/producto\/escarabajo-hercules\/#breadcrumb"},"inLanguage":"en-US","potentialAction":[{"@type":"ReadAction","target":["https:\/\/rodrigosolorzano.com\/producto\/escarabajo-hercules\/"]}]},{"@type":"ImageObject","inLanguage":"en-US","@id":"https:\/\/rodrigosolorzano.com\/producto\/escarabajo-hercules\/#primaryimage","url":"https:\/\/rodrigosolorzano.com\/wp-content\/uploads\/2022\/08\/coleccion-escarabajo-hercules.jpg","contentUrl":"https:\/\/rodrigosolorzano.com\/wp-content\/uploads\/2022\/08\/coleccion-escarabajo-hercules.jpg","width":1000,"height":750},{"@type":"BreadcrumbList","@id":"https:\/\/rodrigosolorzano.com\/producto\/escarabajo-hercules\/#breadcrumb","itemListElement":[{"@type":"ListItem","position":1,"name":"Tienda","item":"https:\/\/rodrigosolorzano.com\/tienda\/"},{"@type":"ListItem","position":2,"name":"Escarabajo H\u00e9rcules"}]},{"@type":"WebSite","@id":"https:\/\/rodrigosolorzano.com\/#website","url":"https:\/\/rodrigosolorzano.com\/","name":"Rodrigo Solorzano","description":"Sculptural Exploration Study","potentialAction":[{"@type":"SearchAction","target":{"@type":"EntryPoint","urlTemplate":"https:\/\/rodrigosolorzano.com\/?s={search_term_string}"},"query-input":{"@type":"PropertyValueSpecification","valueRequired":true,"valueName":"search_term_string"}}],"inLanguage":"en-US"}]}},"_links":{"self":[{"href":"https:\/\/rodrigosolorzano.com\/en\/wp-json\/wp\/v2\/product\/1257","targetHints":{"allow":["GET"]}}],"collection":[{"href":"https:\/\/rodrigosolorzano.com\/en\/wp-json\/wp\/v2\/product"}],"about":[{"href":"https:\/\/rodrigosolorzano.com\/en\/wp-json\/wp\/v2\/types\/product"}],"replies":[{"embeddable":true,"href":"https:\/\/rodrigosolorzano.com\/en\/wp-json\/wp\/v2\/comments?post=1257"}],"version-history":[{"count":0,"href":"https:\/\/rodrigosolorzano.com\/en\/wp-json\/wp\/v2\/product\/1257\/revisions"}],"wp:featuredmedia":[{"embeddable":true,"href":"https:\/\/rodrigosolorzano.com\/en\/wp-json\/wp\/v2\/media\/1278"}],"wp:attachment":[{"href":"https:\/\/rodrigosolorzano.com\/en\/wp-json\/wp\/v2\/media?parent=1257"}],"wp:term":[{"taxonomy":"product_brand","embeddable":true,"href":"https:\/\/rodrigosolorzano.com\/en\/wp-json\/wp\/v2\/product_brand?post=1257"},{"taxonomy":"product_cat","embeddable":true,"href":"https:\/\/rodrigosolorzano.com\/en\/wp-json\/wp\/v2\/product_cat?post=1257"},{"taxonomy":"product_tag","embeddable":true,"href":"https:\/\/rodrigosolorzano.com\/en\/wp-json\/wp\/v2\/product_tag?post=1257"}],"curies":[{"name":"wp","href":"https:\/\/api.w.org\/{rel}","templated":true}]}}