{"id":1261,"date":"2022-08-24T01:52:43","date_gmt":"2022-08-24T06:52:43","guid":{"rendered":"https:\/\/www.bestiario.art\/?p=1261"},"modified":"2025-10-15T11:46:19","modified_gmt":"2025-10-15T17:46:19","slug":"pinguino-emperador","status":"publish","type":"product","link":"https:\/\/rodrigosolorzano.com\/en\/product\/pinguino-emperador\/","title":{"rendered":"Emperor Penguin"},"content":{"rendered":"","protected":false},"excerpt":{"rendered":"<p>These birds cannot fly, but they move in the sea as if they could fly underwater. Although they live in Antarctica, we usually imagine that we can find them in any cold place. Our penguin inhabits any climate thanks to its metallic plumage. His gaze is directed upward: the sky is also a kind of sea.<\/p>","protected":false},"featured_media":1283,"comment_status":"closed","ping_status":"closed","template":"","meta":{"_acf_changed":false},"product_brand":[],"product_cat":[42,68],"product_tag":[],"class_list":{"0":"post-1261","1":"product","2":"type-product","3":"status-publish","4":"has-post-thumbnail","6":"product_cat-sin-categorizar","7":"product_cat-juguetes","9":"first","10":"instock","11":"shipping-taxable","12":"purchasable","13":"product-type-simple"},"acf":[],"yoast_head":"<!-- This site is optimized with the Yoast SEO plugin v26.0 - https:\/\/yoast.com\/wordpress\/plugins\/seo\/ -->\n<title>Ping\u00fcino Emperador - Rodrigo Solorzano<\/title>\n<meta name=\"robots\" content=\"noindex, follow, max-snippet:-1, max-image-preview:large, max-video-preview:-1\" \/>\n<meta property=\"og:locale\" content=\"en_US\" \/>\n<meta property=\"og:type\" content=\"article\" \/>\n<meta property=\"og:title\" content=\"Ping\u00fcino Emperador - Rodrigo Solorzano\" \/>\n<meta property=\"og:description\" content=\"Estas aves no pueden volar, pero se mueven en el mar como si se pudiera volar bajo agua. Aunque viven en la Ant\u00e1rtida, solemos imaginar que podemos encontrarlos en todo lugar fr\u00edo. Nuestro ping\u00fcino habita cualquier clima gracias a su plumaje met\u00e1lico. Su mirada se dirige hacia arriba: el cielo tambi\u00e9n es una especie de mar.\" \/>\n<meta property=\"og:url\" content=\"https:\/\/rodrigosolorzano.com\/en\/product\/pinguino-emperador\/\" \/>\n<meta property=\"og:site_name\" content=\"Rodrigo Solorzano\" \/>\n<meta property=\"article:modified_time\" content=\"2025-10-15T17:46:19+00:00\" \/>\n<meta property=\"og:image\" content=\"https:\/\/rodrigosolorzano.com\/wp-content\/uploads\/2022\/08\/coleccion-pinguino.jpg\" \/>\n\t<meta property=\"og:image:width\" content=\"1000\" \/>\n\t<meta property=\"og:image:height\" content=\"750\" \/>\n\t<meta property=\"og:image:type\" content=\"image\/jpeg\" \/>\n<meta name=\"twitter:card\" content=\"summary_large_image\" \/>\n<script type=\"application\/ld+json\" class=\"yoast-schema-graph\">{\"@context\":\"https:\/\/schema.org\",\"@graph\":[{\"@type\":\"WebPage\",\"@id\":\"https:\/\/rodrigosolorzano.com\/producto\/pinguino-emperador\/\",\"url\":\"https:\/\/rodrigosolorzano.com\/producto\/pinguino-emperador\/\",\"name\":\"Ping\u00fcino Emperador - Rodrigo Solorzano\",\"isPartOf\":{\"@id\":\"https:\/\/rodrigosolorzano.com\/#website\"},\"primaryImageOfPage\":{\"@id\":\"https:\/\/rodrigosolorzano.com\/producto\/pinguino-emperador\/#primaryimage\"},\"image\":{\"@id\":\"https:\/\/rodrigosolorzano.com\/producto\/pinguino-emperador\/#primaryimage\"},\"thumbnailUrl\":\"https:\/\/rodrigosolorzano.com\/wp-content\/uploads\/2022\/08\/coleccion-pinguino.jpg\",\"datePublished\":\"2022-08-24T06:52:43+00:00\",\"dateModified\":\"2025-10-15T17:46:19+00:00\",\"breadcrumb\":{\"@id\":\"https:\/\/rodrigosolorzano.com\/producto\/pinguino-emperador\/#breadcrumb\"},\"inLanguage\":\"en-US\",\"potentialAction\":[{\"@type\":\"ReadAction\",\"target\":[\"https:\/\/rodrigosolorzano.com\/producto\/pinguino-emperador\/\"]}]},{\"@type\":\"ImageObject\",\"inLanguage\":\"en-US\",\"@id\":\"https:\/\/rodrigosolorzano.com\/producto\/pinguino-emperador\/#primaryimage\",\"url\":\"https:\/\/rodrigosolorzano.com\/wp-content\/uploads\/2022\/08\/coleccion-pinguino.jpg\",\"contentUrl\":\"https:\/\/rodrigosolorzano.com\/wp-content\/uploads\/2022\/08\/coleccion-pinguino.jpg\",\"width\":1000,\"height\":750},{\"@type\":\"BreadcrumbList\",\"@id\":\"https:\/\/rodrigosolorzano.com\/producto\/pinguino-emperador\/#breadcrumb\",\"itemListElement\":[{\"@type\":\"ListItem\",\"position\":1,\"name\":\"Tienda\",\"item\":\"https:\/\/rodrigosolorzano.com\/tienda\/\"},{\"@type\":\"ListItem\",\"position\":2,\"name\":\"Ping\u00fcino Emperador\"}]},{\"@type\":\"WebSite\",\"@id\":\"https:\/\/rodrigosolorzano.com\/#website\",\"url\":\"https:\/\/rodrigosolorzano.com\/\",\"name\":\"Rodrigo Solorzano\",\"description\":\"Estudio de Exploraci\u00f3n Escult\u00f3rica\",\"potentialAction\":[{\"@type\":\"SearchAction\",\"target\":{\"@type\":\"EntryPoint\",\"urlTemplate\":\"https:\/\/rodrigosolorzano.com\/?s={search_term_string}\"},\"query-input\":{\"@type\":\"PropertyValueSpecification\",\"valueRequired\":true,\"valueName\":\"search_term_string\"}}],\"inLanguage\":\"en-US\"}]}<\/script>\n<!-- \/ Yoast SEO plugin. -->","yoast_head_json":{"title":"Ping\u00fcino Emperador - Rodrigo Solorzano","robots":{"index":"noindex","follow":"follow","max-snippet":"max-snippet:-1","max-image-preview":"max-image-preview:large","max-video-preview":"max-video-preview:-1"},"og_locale":"en_US","og_type":"article","og_title":"Ping\u00fcino Emperador - Rodrigo Solorzano","og_description":"Estas aves no pueden volar, pero se mueven en el mar como si se pudiera volar bajo agua. Aunque viven en la Ant\u00e1rtida, solemos imaginar que podemos encontrarlos en todo lugar fr\u00edo. Nuestro ping\u00fcino habita cualquier clima gracias a su plumaje met\u00e1lico. Su mirada se dirige hacia arriba: el cielo tambi\u00e9n es una especie de mar.","og_url":"https:\/\/rodrigosolorzano.com\/en\/product\/pinguino-emperador\/","og_site_name":"Rodrigo Solorzano","article_modified_time":"2025-10-15T17:46:19+00:00","og_image":[{"width":1000,"height":750,"url":"https:\/\/rodrigosolorzano.com\/wp-content\/uploads\/2022\/08\/coleccion-pinguino.jpg","type":"image\/jpeg"}],"twitter_card":"summary_large_image","schema":{"@context":"https:\/\/schema.org","@graph":[{"@type":"WebPage","@id":"https:\/\/rodrigosolorzano.com\/producto\/pinguino-emperador\/","url":"https:\/\/rodrigosolorzano.com\/producto\/pinguino-emperador\/","name":"Ping\u00fcino Emperador - Rodrigo Solorzano","isPartOf":{"@id":"https:\/\/rodrigosolorzano.com\/#website"},"primaryImageOfPage":{"@id":"https:\/\/rodrigosolorzano.com\/producto\/pinguino-emperador\/#primaryimage"},"image":{"@id":"https:\/\/rodrigosolorzano.com\/producto\/pinguino-emperador\/#primaryimage"},"thumbnailUrl":"https:\/\/rodrigosolorzano.com\/wp-content\/uploads\/2022\/08\/coleccion-pinguino.jpg","datePublished":"2022-08-24T06:52:43+00:00","dateModified":"2025-10-15T17:46:19+00:00","breadcrumb":{"@id":"https:\/\/rodrigosolorzano.com\/producto\/pinguino-emperador\/#breadcrumb"},"inLanguage":"en-US","potentialAction":[{"@type":"ReadAction","target":["https:\/\/rodrigosolorzano.com\/producto\/pinguino-emperador\/"]}]},{"@type":"ImageObject","inLanguage":"en-US","@id":"https:\/\/rodrigosolorzano.com\/producto\/pinguino-emperador\/#primaryimage","url":"https:\/\/rodrigosolorzano.com\/wp-content\/uploads\/2022\/08\/coleccion-pinguino.jpg","contentUrl":"https:\/\/rodrigosolorzano.com\/wp-content\/uploads\/2022\/08\/coleccion-pinguino.jpg","width":1000,"height":750},{"@type":"BreadcrumbList","@id":"https:\/\/rodrigosolorzano.com\/producto\/pinguino-emperador\/#breadcrumb","itemListElement":[{"@type":"ListItem","position":1,"name":"Tienda","item":"https:\/\/rodrigosolorzano.com\/tienda\/"},{"@type":"ListItem","position":2,"name":"Ping\u00fcino Emperador"}]},{"@type":"WebSite","@id":"https:\/\/rodrigosolorzano.com\/#website","url":"https:\/\/rodrigosolorzano.com\/","name":"Rodrigo Solorzano","description":"Sculptural Exploration Study","potentialAction":[{"@type":"SearchAction","target":{"@type":"EntryPoint","urlTemplate":"https:\/\/rodrigosolorzano.com\/?s={search_term_string}"},"query-input":{"@type":"PropertyValueSpecification","valueRequired":true,"valueName":"search_term_string"}}],"inLanguage":"en-US"}]}},"_links":{"self":[{"href":"https:\/\/rodrigosolorzano.com\/en\/wp-json\/wp\/v2\/product\/1261","targetHints":{"allow":["GET"]}}],"collection":[{"href":"https:\/\/rodrigosolorzano.com\/en\/wp-json\/wp\/v2\/product"}],"about":[{"href":"https:\/\/rodrigosolorzano.com\/en\/wp-json\/wp\/v2\/types\/product"}],"replies":[{"embeddable":true,"href":"https:\/\/rodrigosolorzano.com\/en\/wp-json\/wp\/v2\/comments?post=1261"}],"version-history":[{"count":0,"href":"https:\/\/rodrigosolorzano.com\/en\/wp-json\/wp\/v2\/product\/1261\/revisions"}],"wp:featuredmedia":[{"embeddable":true,"href":"https:\/\/rodrigosolorzano.com\/en\/wp-json\/wp\/v2\/media\/1283"}],"wp:attachment":[{"href":"https:\/\/rodrigosolorzano.com\/en\/wp-json\/wp\/v2\/media?parent=1261"}],"wp:term":[{"taxonomy":"product_brand","embeddable":true,"href":"https:\/\/rodrigosolorzano.com\/en\/wp-json\/wp\/v2\/product_brand?post=1261"},{"taxonomy":"product_cat","embeddable":true,"href":"https:\/\/rodrigosolorzano.com\/en\/wp-json\/wp\/v2\/product_cat?post=1261"},{"taxonomy":"product_tag","embeddable":true,"href":"https:\/\/rodrigosolorzano.com\/en\/wp-json\/wp\/v2\/product_tag?post=1261"}],"curies":[{"name":"wp","href":"https:\/\/api.w.org\/{rel}","templated":true}]}}