{"id":1264,"date":"2022-08-24T01:53:33","date_gmt":"2022-08-24T06:53:33","guid":{"rendered":"https:\/\/www.bestiario.art\/?p=1264"},"modified":"2025-10-15T11:46:19","modified_gmt":"2025-10-15T17:46:19","slug":"ballena-jorobada","status":"publish","type":"product","link":"https:\/\/rodrigosolorzano.com\/en\/product\/ballena-jorobada\/","title":{"rendered":"Humpback Whale"},"content":{"rendered":"","protected":false},"excerpt":{"rendered":"<p>This enormous cetacean is distributed throughout the world's oceans: it is estimated that they travel up to 25,000 kilometers every year. The whales that cross the seas weigh 36,000 kilos, but ours weigh only 17. This allows it to travel from the air of our workshop to your corner of the world.<\/p>","protected":false},"featured_media":1275,"comment_status":"closed","ping_status":"closed","template":"","meta":{"_acf_changed":false},"product_brand":[],"product_cat":[42,68],"product_tag":[],"class_list":{"0":"post-1264","1":"product","2":"type-product","3":"status-publish","4":"has-post-thumbnail","6":"product_cat-sin-categorizar","7":"product_cat-juguetes","9":"first","10":"instock","11":"shipping-taxable","12":"purchasable","13":"product-type-simple"},"acf":[],"yoast_head":"<!-- This site is optimized with the Yoast SEO plugin v26.0 - https:\/\/yoast.com\/wordpress\/plugins\/seo\/ -->\n<title>Ballena Jorobada - Rodrigo Solorzano<\/title>\n<meta name=\"robots\" content=\"noindex, follow, max-snippet:-1, max-image-preview:large, max-video-preview:-1\" \/>\n<meta property=\"og:locale\" content=\"en_US\" \/>\n<meta property=\"og:type\" content=\"article\" \/>\n<meta property=\"og:title\" content=\"Ballena Jorobada - Rodrigo Solorzano\" \/>\n<meta property=\"og:description\" content=\"Este enorme cet\u00e1ceo se distribuye por todos los oc\u00e9anos del mundo: se calcula que viajan hasta 25,000 kil\u00f3metros cada a\u00f1o. Las ballenas que cruzan los mares pesan 36,000 kilos, pero la nuestra pesa solo 17. Esto le permite desplazarse por el aire desde nuestro taller hasta el rinc\u00f3n del mundo en el que est\u00e1s t\u00fa.\" \/>\n<meta property=\"og:url\" content=\"https:\/\/rodrigosolorzano.com\/en\/product\/ballena-jorobada\/\" \/>\n<meta property=\"og:site_name\" content=\"Rodrigo Solorzano\" \/>\n<meta property=\"article:modified_time\" content=\"2025-10-15T17:46:19+00:00\" \/>\n<meta property=\"og:image\" content=\"https:\/\/rodrigosolorzano.com\/wp-content\/uploads\/2022\/08\/coleccion-ballena.jpg\" \/>\n\t<meta property=\"og:image:width\" content=\"1000\" \/>\n\t<meta property=\"og:image:height\" content=\"750\" \/>\n\t<meta property=\"og:image:type\" content=\"image\/jpeg\" \/>\n<meta name=\"twitter:card\" content=\"summary_large_image\" \/>\n<script type=\"application\/ld+json\" class=\"yoast-schema-graph\">{\"@context\":\"https:\/\/schema.org\",\"@graph\":[{\"@type\":\"WebPage\",\"@id\":\"https:\/\/rodrigosolorzano.com\/producto\/ballena-jorobada\/\",\"url\":\"https:\/\/rodrigosolorzano.com\/producto\/ballena-jorobada\/\",\"name\":\"Ballena Jorobada - Rodrigo Solorzano\",\"isPartOf\":{\"@id\":\"https:\/\/rodrigosolorzano.com\/#website\"},\"primaryImageOfPage\":{\"@id\":\"https:\/\/rodrigosolorzano.com\/producto\/ballena-jorobada\/#primaryimage\"},\"image\":{\"@id\":\"https:\/\/rodrigosolorzano.com\/producto\/ballena-jorobada\/#primaryimage\"},\"thumbnailUrl\":\"https:\/\/rodrigosolorzano.com\/wp-content\/uploads\/2022\/08\/coleccion-ballena.jpg\",\"datePublished\":\"2022-08-24T06:53:33+00:00\",\"dateModified\":\"2025-10-15T17:46:19+00:00\",\"breadcrumb\":{\"@id\":\"https:\/\/rodrigosolorzano.com\/producto\/ballena-jorobada\/#breadcrumb\"},\"inLanguage\":\"en-US\",\"potentialAction\":[{\"@type\":\"ReadAction\",\"target\":[\"https:\/\/rodrigosolorzano.com\/producto\/ballena-jorobada\/\"]}]},{\"@type\":\"ImageObject\",\"inLanguage\":\"en-US\",\"@id\":\"https:\/\/rodrigosolorzano.com\/producto\/ballena-jorobada\/#primaryimage\",\"url\":\"https:\/\/rodrigosolorzano.com\/wp-content\/uploads\/2022\/08\/coleccion-ballena.jpg\",\"contentUrl\":\"https:\/\/rodrigosolorzano.com\/wp-content\/uploads\/2022\/08\/coleccion-ballena.jpg\",\"width\":1000,\"height\":750},{\"@type\":\"BreadcrumbList\",\"@id\":\"https:\/\/rodrigosolorzano.com\/producto\/ballena-jorobada\/#breadcrumb\",\"itemListElement\":[{\"@type\":\"ListItem\",\"position\":1,\"name\":\"Tienda\",\"item\":\"https:\/\/rodrigosolorzano.com\/tienda\/\"},{\"@type\":\"ListItem\",\"position\":2,\"name\":\"Ballena Jorobada\"}]},{\"@type\":\"WebSite\",\"@id\":\"https:\/\/rodrigosolorzano.com\/#website\",\"url\":\"https:\/\/rodrigosolorzano.com\/\",\"name\":\"Rodrigo Solorzano\",\"description\":\"Estudio de Exploraci\u00f3n Escult\u00f3rica\",\"potentialAction\":[{\"@type\":\"SearchAction\",\"target\":{\"@type\":\"EntryPoint\",\"urlTemplate\":\"https:\/\/rodrigosolorzano.com\/?s={search_term_string}\"},\"query-input\":{\"@type\":\"PropertyValueSpecification\",\"valueRequired\":true,\"valueName\":\"search_term_string\"}}],\"inLanguage\":\"en-US\"}]}<\/script>\n<!-- \/ Yoast SEO plugin. -->","yoast_head_json":{"title":"Ballena Jorobada - Rodrigo Solorzano","robots":{"index":"noindex","follow":"follow","max-snippet":"max-snippet:-1","max-image-preview":"max-image-preview:large","max-video-preview":"max-video-preview:-1"},"og_locale":"en_US","og_type":"article","og_title":"Ballena Jorobada - Rodrigo Solorzano","og_description":"Este enorme cet\u00e1ceo se distribuye por todos los oc\u00e9anos del mundo: se calcula que viajan hasta 25,000 kil\u00f3metros cada a\u00f1o. Las ballenas que cruzan los mares pesan 36,000 kilos, pero la nuestra pesa solo 17. Esto le permite desplazarse por el aire desde nuestro taller hasta el rinc\u00f3n del mundo en el que est\u00e1s t\u00fa.","og_url":"https:\/\/rodrigosolorzano.com\/en\/product\/ballena-jorobada\/","og_site_name":"Rodrigo Solorzano","article_modified_time":"2025-10-15T17:46:19+00:00","og_image":[{"width":1000,"height":750,"url":"https:\/\/rodrigosolorzano.com\/wp-content\/uploads\/2022\/08\/coleccion-ballena.jpg","type":"image\/jpeg"}],"twitter_card":"summary_large_image","schema":{"@context":"https:\/\/schema.org","@graph":[{"@type":"WebPage","@id":"https:\/\/rodrigosolorzano.com\/producto\/ballena-jorobada\/","url":"https:\/\/rodrigosolorzano.com\/producto\/ballena-jorobada\/","name":"Ballena Jorobada - Rodrigo Solorzano","isPartOf":{"@id":"https:\/\/rodrigosolorzano.com\/#website"},"primaryImageOfPage":{"@id":"https:\/\/rodrigosolorzano.com\/producto\/ballena-jorobada\/#primaryimage"},"image":{"@id":"https:\/\/rodrigosolorzano.com\/producto\/ballena-jorobada\/#primaryimage"},"thumbnailUrl":"https:\/\/rodrigosolorzano.com\/wp-content\/uploads\/2022\/08\/coleccion-ballena.jpg","datePublished":"2022-08-24T06:53:33+00:00","dateModified":"2025-10-15T17:46:19+00:00","breadcrumb":{"@id":"https:\/\/rodrigosolorzano.com\/producto\/ballena-jorobada\/#breadcrumb"},"inLanguage":"en-US","potentialAction":[{"@type":"ReadAction","target":["https:\/\/rodrigosolorzano.com\/producto\/ballena-jorobada\/"]}]},{"@type":"ImageObject","inLanguage":"en-US","@id":"https:\/\/rodrigosolorzano.com\/producto\/ballena-jorobada\/#primaryimage","url":"https:\/\/rodrigosolorzano.com\/wp-content\/uploads\/2022\/08\/coleccion-ballena.jpg","contentUrl":"https:\/\/rodrigosolorzano.com\/wp-content\/uploads\/2022\/08\/coleccion-ballena.jpg","width":1000,"height":750},{"@type":"BreadcrumbList","@id":"https:\/\/rodrigosolorzano.com\/producto\/ballena-jorobada\/#breadcrumb","itemListElement":[{"@type":"ListItem","position":1,"name":"Tienda","item":"https:\/\/rodrigosolorzano.com\/tienda\/"},{"@type":"ListItem","position":2,"name":"Ballena Jorobada"}]},{"@type":"WebSite","@id":"https:\/\/rodrigosolorzano.com\/#website","url":"https:\/\/rodrigosolorzano.com\/","name":"Rodrigo Solorzano","description":"Sculptural Exploration Study","potentialAction":[{"@type":"SearchAction","target":{"@type":"EntryPoint","urlTemplate":"https:\/\/rodrigosolorzano.com\/?s={search_term_string}"},"query-input":{"@type":"PropertyValueSpecification","valueRequired":true,"valueName":"search_term_string"}}],"inLanguage":"en-US"}]}},"_links":{"self":[{"href":"https:\/\/rodrigosolorzano.com\/en\/wp-json\/wp\/v2\/product\/1264","targetHints":{"allow":["GET"]}}],"collection":[{"href":"https:\/\/rodrigosolorzano.com\/en\/wp-json\/wp\/v2\/product"}],"about":[{"href":"https:\/\/rodrigosolorzano.com\/en\/wp-json\/wp\/v2\/types\/product"}],"replies":[{"embeddable":true,"href":"https:\/\/rodrigosolorzano.com\/en\/wp-json\/wp\/v2\/comments?post=1264"}],"version-history":[{"count":0,"href":"https:\/\/rodrigosolorzano.com\/en\/wp-json\/wp\/v2\/product\/1264\/revisions"}],"wp:featuredmedia":[{"embeddable":true,"href":"https:\/\/rodrigosolorzano.com\/en\/wp-json\/wp\/v2\/media\/1275"}],"wp:attachment":[{"href":"https:\/\/rodrigosolorzano.com\/en\/wp-json\/wp\/v2\/media?parent=1264"}],"wp:term":[{"taxonomy":"product_brand","embeddable":true,"href":"https:\/\/rodrigosolorzano.com\/en\/wp-json\/wp\/v2\/product_brand?post=1264"},{"taxonomy":"product_cat","embeddable":true,"href":"https:\/\/rodrigosolorzano.com\/en\/wp-json\/wp\/v2\/product_cat?post=1264"},{"taxonomy":"product_tag","embeddable":true,"href":"https:\/\/rodrigosolorzano.com\/en\/wp-json\/wp\/v2\/product_tag?post=1264"}],"curies":[{"name":"wp","href":"https:\/\/api.w.org\/{rel}","templated":true}]}}