{"id":3987,"date":"2023-11-29T13:04:59","date_gmt":"2023-11-29T19:04:59","guid":{"rendered":"https:\/\/www.bestiario.art\/staging\/?p=3987"},"modified":"2025-10-15T11:46:18","modified_gmt":"2025-10-15T17:46:18","slug":"mariposa-monarca","status":"publish","type":"product","link":"https:\/\/rodrigosolorzano.com\/en\/product\/mariposa-monarca\/","title":{"rendered":"Monarch Butterfly"},"content":{"rendered":"","protected":false},"excerpt":{"rendered":"<p>Monarch butterflies, famous for their orange and black wings, migrate thousands of kilometers from North America to Mexico. Dependent on milkweed, they are essential for pollination. However, they face serious threats from habitat loss and climate change, highlighting the importance of their conservation.<\/p>","protected":false},"featured_media":3783,"comment_status":"closed","ping_status":"closed","template":"","meta":{"_acf_changed":false},"product_brand":[],"product_cat":[42,68],"product_tag":[],"class_list":{"0":"post-3987","1":"product","2":"type-product","3":"status-publish","4":"has-post-thumbnail","6":"product_cat-sin-categorizar","7":"product_cat-juguetes","9":"first","10":"instock","11":"shipping-taxable","12":"purchasable","13":"product-type-simple"},"acf":[],"yoast_head":"<!-- This site is optimized with the Yoast SEO plugin v26.0 - https:\/\/yoast.com\/wordpress\/plugins\/seo\/ -->\n<title>Mariposa Monarca - Rodrigo Solorzano<\/title>\n<meta name=\"robots\" content=\"noindex, follow, max-snippet:-1, max-image-preview:large, max-video-preview:-1\" \/>\n<meta property=\"og:locale\" content=\"en_US\" \/>\n<meta property=\"og:type\" content=\"article\" \/>\n<meta property=\"og:title\" content=\"Mariposa Monarca - Rodrigo Solorzano\" \/>\n<meta property=\"og:description\" content=\"Las mariposas monarca, famosas por sus alas naranjas y negras, migran miles de kil\u00f3metros desde Norteam\u00e9rica hasta M\u00e9xico. Dependientes del algodoncillo, son esenciales para la polinizaci\u00f3n. Sin embargo, enfrentan serias amenazas por la p\u00e9rdida de h\u00e1bitat y el cambio clim\u00e1tico, destacando la importancia de su conservaci\u00f3n.\" \/>\n<meta property=\"og:url\" content=\"https:\/\/rodrigosolorzano.com\/en\/product\/mariposa-monarca\/\" \/>\n<meta property=\"og:site_name\" content=\"Rodrigo Solorzano\" \/>\n<meta property=\"article:modified_time\" content=\"2025-10-15T17:46:18+00:00\" \/>\n<meta property=\"og:image\" content=\"https:\/\/rodrigosolorzano.com\/wp-content\/uploads\/2023\/11\/MARIPOSA_MONARCA-Grande.jpg\" \/>\n\t<meta property=\"og:image:width\" content=\"1439\" \/>\n\t<meta property=\"og:image:height\" content=\"1080\" \/>\n\t<meta property=\"og:image:type\" content=\"image\/jpeg\" \/>\n<meta name=\"twitter:card\" content=\"summary_large_image\" \/>\n<meta name=\"twitter:label1\" content=\"Est. reading time\" \/>\n\t<meta name=\"twitter:data1\" content=\"1 minute\" \/>\n<script type=\"application\/ld+json\" class=\"yoast-schema-graph\">{\"@context\":\"https:\/\/schema.org\",\"@graph\":[{\"@type\":\"WebPage\",\"@id\":\"https:\/\/rodrigosolorzano.com\/producto\/mariposa-monarca\/\",\"url\":\"https:\/\/rodrigosolorzano.com\/producto\/mariposa-monarca\/\",\"name\":\"Mariposa Monarca - Rodrigo Solorzano\",\"isPartOf\":{\"@id\":\"https:\/\/rodrigosolorzano.com\/#website\"},\"primaryImageOfPage\":{\"@id\":\"https:\/\/rodrigosolorzano.com\/producto\/mariposa-monarca\/#primaryimage\"},\"image\":{\"@id\":\"https:\/\/rodrigosolorzano.com\/producto\/mariposa-monarca\/#primaryimage\"},\"thumbnailUrl\":\"https:\/\/rodrigosolorzano.com\/wp-content\/uploads\/2023\/11\/MARIPOSA_MONARCA-Grande.jpg\",\"datePublished\":\"2023-11-29T19:04:59+00:00\",\"dateModified\":\"2025-10-15T17:46:18+00:00\",\"breadcrumb\":{\"@id\":\"https:\/\/rodrigosolorzano.com\/producto\/mariposa-monarca\/#breadcrumb\"},\"inLanguage\":\"en-US\",\"potentialAction\":[{\"@type\":\"ReadAction\",\"target\":[\"https:\/\/rodrigosolorzano.com\/producto\/mariposa-monarca\/\"]}]},{\"@type\":\"ImageObject\",\"inLanguage\":\"en-US\",\"@id\":\"https:\/\/rodrigosolorzano.com\/producto\/mariposa-monarca\/#primaryimage\",\"url\":\"https:\/\/rodrigosolorzano.com\/wp-content\/uploads\/2023\/11\/MARIPOSA_MONARCA-Grande.jpg\",\"contentUrl\":\"https:\/\/rodrigosolorzano.com\/wp-content\/uploads\/2023\/11\/MARIPOSA_MONARCA-Grande.jpg\",\"width\":1439,\"height\":1080},{\"@type\":\"BreadcrumbList\",\"@id\":\"https:\/\/rodrigosolorzano.com\/producto\/mariposa-monarca\/#breadcrumb\",\"itemListElement\":[{\"@type\":\"ListItem\",\"position\":1,\"name\":\"Tienda\",\"item\":\"https:\/\/rodrigosolorzano.com\/tienda\/\"},{\"@type\":\"ListItem\",\"position\":2,\"name\":\"Mariposa Monarca\"}]},{\"@type\":\"WebSite\",\"@id\":\"https:\/\/rodrigosolorzano.com\/#website\",\"url\":\"https:\/\/rodrigosolorzano.com\/\",\"name\":\"Rodrigo Solorzano\",\"description\":\"Estudio de Exploraci\u00f3n Escult\u00f3rica\",\"potentialAction\":[{\"@type\":\"SearchAction\",\"target\":{\"@type\":\"EntryPoint\",\"urlTemplate\":\"https:\/\/rodrigosolorzano.com\/?s={search_term_string}\"},\"query-input\":{\"@type\":\"PropertyValueSpecification\",\"valueRequired\":true,\"valueName\":\"search_term_string\"}}],\"inLanguage\":\"en-US\"}]}<\/script>\n<!-- \/ Yoast SEO plugin. -->","yoast_head_json":{"title":"Mariposa Monarca - Rodrigo Solorzano","robots":{"index":"noindex","follow":"follow","max-snippet":"max-snippet:-1","max-image-preview":"max-image-preview:large","max-video-preview":"max-video-preview:-1"},"og_locale":"en_US","og_type":"article","og_title":"Mariposa Monarca - Rodrigo Solorzano","og_description":"Las mariposas monarca, famosas por sus alas naranjas y negras, migran miles de kil\u00f3metros desde Norteam\u00e9rica hasta M\u00e9xico. Dependientes del algodoncillo, son esenciales para la polinizaci\u00f3n. Sin embargo, enfrentan serias amenazas por la p\u00e9rdida de h\u00e1bitat y el cambio clim\u00e1tico, destacando la importancia de su conservaci\u00f3n.","og_url":"https:\/\/rodrigosolorzano.com\/en\/product\/mariposa-monarca\/","og_site_name":"Rodrigo Solorzano","article_modified_time":"2025-10-15T17:46:18+00:00","og_image":[{"width":1439,"height":1080,"url":"https:\/\/rodrigosolorzano.com\/wp-content\/uploads\/2023\/11\/MARIPOSA_MONARCA-Grande.jpg","type":"image\/jpeg"}],"twitter_card":"summary_large_image","twitter_misc":{"Est. reading time":"1 minute"},"schema":{"@context":"https:\/\/schema.org","@graph":[{"@type":"WebPage","@id":"https:\/\/rodrigosolorzano.com\/producto\/mariposa-monarca\/","url":"https:\/\/rodrigosolorzano.com\/producto\/mariposa-monarca\/","name":"Mariposa Monarca - Rodrigo Solorzano","isPartOf":{"@id":"https:\/\/rodrigosolorzano.com\/#website"},"primaryImageOfPage":{"@id":"https:\/\/rodrigosolorzano.com\/producto\/mariposa-monarca\/#primaryimage"},"image":{"@id":"https:\/\/rodrigosolorzano.com\/producto\/mariposa-monarca\/#primaryimage"},"thumbnailUrl":"https:\/\/rodrigosolorzano.com\/wp-content\/uploads\/2023\/11\/MARIPOSA_MONARCA-Grande.jpg","datePublished":"2023-11-29T19:04:59+00:00","dateModified":"2025-10-15T17:46:18+00:00","breadcrumb":{"@id":"https:\/\/rodrigosolorzano.com\/producto\/mariposa-monarca\/#breadcrumb"},"inLanguage":"en-US","potentialAction":[{"@type":"ReadAction","target":["https:\/\/rodrigosolorzano.com\/producto\/mariposa-monarca\/"]}]},{"@type":"ImageObject","inLanguage":"en-US","@id":"https:\/\/rodrigosolorzano.com\/producto\/mariposa-monarca\/#primaryimage","url":"https:\/\/rodrigosolorzano.com\/wp-content\/uploads\/2023\/11\/MARIPOSA_MONARCA-Grande.jpg","contentUrl":"https:\/\/rodrigosolorzano.com\/wp-content\/uploads\/2023\/11\/MARIPOSA_MONARCA-Grande.jpg","width":1439,"height":1080},{"@type":"BreadcrumbList","@id":"https:\/\/rodrigosolorzano.com\/producto\/mariposa-monarca\/#breadcrumb","itemListElement":[{"@type":"ListItem","position":1,"name":"Tienda","item":"https:\/\/rodrigosolorzano.com\/tienda\/"},{"@type":"ListItem","position":2,"name":"Mariposa Monarca"}]},{"@type":"WebSite","@id":"https:\/\/rodrigosolorzano.com\/#website","url":"https:\/\/rodrigosolorzano.com\/","name":"Rodrigo Solorzano","description":"Sculptural Exploration Study","potentialAction":[{"@type":"SearchAction","target":{"@type":"EntryPoint","urlTemplate":"https:\/\/rodrigosolorzano.com\/?s={search_term_string}"},"query-input":{"@type":"PropertyValueSpecification","valueRequired":true,"valueName":"search_term_string"}}],"inLanguage":"en-US"}]}},"_links":{"self":[{"href":"https:\/\/rodrigosolorzano.com\/en\/wp-json\/wp\/v2\/product\/3987","targetHints":{"allow":["GET"]}}],"collection":[{"href":"https:\/\/rodrigosolorzano.com\/en\/wp-json\/wp\/v2\/product"}],"about":[{"href":"https:\/\/rodrigosolorzano.com\/en\/wp-json\/wp\/v2\/types\/product"}],"replies":[{"embeddable":true,"href":"https:\/\/rodrigosolorzano.com\/en\/wp-json\/wp\/v2\/comments?post=3987"}],"version-history":[{"count":0,"href":"https:\/\/rodrigosolorzano.com\/en\/wp-json\/wp\/v2\/product\/3987\/revisions"}],"wp:featuredmedia":[{"embeddable":true,"href":"https:\/\/rodrigosolorzano.com\/en\/wp-json\/wp\/v2\/media\/3783"}],"wp:attachment":[{"href":"https:\/\/rodrigosolorzano.com\/en\/wp-json\/wp\/v2\/media?parent=3987"}],"wp:term":[{"taxonomy":"product_brand","embeddable":true,"href":"https:\/\/rodrigosolorzano.com\/en\/wp-json\/wp\/v2\/product_brand?post=3987"},{"taxonomy":"product_cat","embeddable":true,"href":"https:\/\/rodrigosolorzano.com\/en\/wp-json\/wp\/v2\/product_cat?post=3987"},{"taxonomy":"product_tag","embeddable":true,"href":"https:\/\/rodrigosolorzano.com\/en\/wp-json\/wp\/v2\/product_tag?post=3987"}],"curies":[{"name":"wp","href":"https:\/\/api.w.org\/{rel}","templated":true}]}}