{"id":3998,"date":"2023-11-29T13:21:21","date_gmt":"2023-11-29T19:21:21","guid":{"rendered":"https:\/\/www.bestiario.art\/staging\/?p=3998"},"modified":"2025-10-15T11:46:18","modified_gmt":"2025-10-15T17:46:18","slug":"oryx","status":"publish","type":"product","link":"https:\/\/rodrigosolorzano.com\/en\/product\/oryx\/","title":{"rendered":"Oryx"},"content":{"rendered":"","protected":false},"excerpt":{"rendered":"<p>The Arabian oryx, a majestic white antelope, thrives in the harsh desert conditions. Known for its long, straight horns and striking black markings, it was once on the brink of extinction but has made a remarkable comeback thanks to conservation efforts. It is a symbol of resilience on the Arabian Peninsula.<\/p>","protected":false},"featured_media":3784,"comment_status":"closed","ping_status":"closed","template":"","meta":{"_acf_changed":false},"product_brand":[],"product_cat":[42,68],"product_tag":[],"class_list":{"0":"post-3998","1":"product","2":"type-product","3":"status-publish","4":"has-post-thumbnail","6":"product_cat-sin-categorizar","7":"product_cat-juguetes","9":"first","10":"instock","11":"shipping-taxable","12":"purchasable","13":"product-type-simple"},"acf":[],"yoast_head":"<!-- This site is optimized with the Yoast SEO plugin v26.0 - https:\/\/yoast.com\/wordpress\/plugins\/seo\/ -->\n<title>Oryx - Rodrigo Solorzano<\/title>\n<meta name=\"robots\" content=\"noindex, follow, max-snippet:-1, max-image-preview:large, max-video-preview:-1\" \/>\n<meta property=\"og:locale\" content=\"en_US\" \/>\n<meta property=\"og:type\" content=\"article\" \/>\n<meta property=\"og:title\" content=\"Oryx - Rodrigo Solorzano\" \/>\n<meta property=\"og:description\" content=\"El \u00f3rix \u00e1rabe, un majestuoso ant\u00edlope blanco, prospera en las duras condiciones del desierto. Conocido por sus largos cuernos rectos y marcadas manchas negras, estuvo al borde de la extinci\u00f3n pero ha logrado un notable regreso gracias a los esfuerzos de conservaci\u00f3n. Es un s\u00edmbolo de resistencia en la pen\u00ednsula ar\u00e1biga.\" \/>\n<meta property=\"og:url\" content=\"https:\/\/rodrigosolorzano.com\/en\/product\/oryx\/\" \/>\n<meta property=\"og:site_name\" content=\"Rodrigo Solorzano\" \/>\n<meta property=\"article:modified_time\" content=\"2025-10-15T17:46:18+00:00\" \/>\n<meta property=\"og:image\" content=\"https:\/\/rodrigosolorzano.com\/wp-content\/uploads\/2023\/11\/ORYXpng-Grande.jpg\" \/>\n\t<meta property=\"og:image:width\" content=\"1439\" \/>\n\t<meta property=\"og:image:height\" content=\"1080\" \/>\n\t<meta property=\"og:image:type\" content=\"image\/jpeg\" \/>\n<meta name=\"twitter:card\" content=\"summary_large_image\" \/>\n<meta name=\"twitter:label1\" content=\"Est. reading time\" \/>\n\t<meta name=\"twitter:data1\" content=\"1 minute\" \/>\n<script type=\"application\/ld+json\" class=\"yoast-schema-graph\">{\"@context\":\"https:\/\/schema.org\",\"@graph\":[{\"@type\":\"WebPage\",\"@id\":\"https:\/\/rodrigosolorzano.com\/producto\/oryx\/\",\"url\":\"https:\/\/rodrigosolorzano.com\/producto\/oryx\/\",\"name\":\"Oryx - Rodrigo Solorzano\",\"isPartOf\":{\"@id\":\"https:\/\/rodrigosolorzano.com\/#website\"},\"primaryImageOfPage\":{\"@id\":\"https:\/\/rodrigosolorzano.com\/producto\/oryx\/#primaryimage\"},\"image\":{\"@id\":\"https:\/\/rodrigosolorzano.com\/producto\/oryx\/#primaryimage\"},\"thumbnailUrl\":\"https:\/\/rodrigosolorzano.com\/wp-content\/uploads\/2023\/11\/ORYXpng-Grande.jpg\",\"datePublished\":\"2023-11-29T19:21:21+00:00\",\"dateModified\":\"2025-10-15T17:46:18+00:00\",\"breadcrumb\":{\"@id\":\"https:\/\/rodrigosolorzano.com\/producto\/oryx\/#breadcrumb\"},\"inLanguage\":\"en-US\",\"potentialAction\":[{\"@type\":\"ReadAction\",\"target\":[\"https:\/\/rodrigosolorzano.com\/producto\/oryx\/\"]}]},{\"@type\":\"ImageObject\",\"inLanguage\":\"en-US\",\"@id\":\"https:\/\/rodrigosolorzano.com\/producto\/oryx\/#primaryimage\",\"url\":\"https:\/\/rodrigosolorzano.com\/wp-content\/uploads\/2023\/11\/ORYXpng-Grande.jpg\",\"contentUrl\":\"https:\/\/rodrigosolorzano.com\/wp-content\/uploads\/2023\/11\/ORYXpng-Grande.jpg\",\"width\":1439,\"height\":1080},{\"@type\":\"BreadcrumbList\",\"@id\":\"https:\/\/rodrigosolorzano.com\/producto\/oryx\/#breadcrumb\",\"itemListElement\":[{\"@type\":\"ListItem\",\"position\":1,\"name\":\"Tienda\",\"item\":\"https:\/\/rodrigosolorzano.com\/tienda\/\"},{\"@type\":\"ListItem\",\"position\":2,\"name\":\"Oryx\"}]},{\"@type\":\"WebSite\",\"@id\":\"https:\/\/rodrigosolorzano.com\/#website\",\"url\":\"https:\/\/rodrigosolorzano.com\/\",\"name\":\"Rodrigo Solorzano\",\"description\":\"Estudio de Exploraci\u00f3n Escult\u00f3rica\",\"potentialAction\":[{\"@type\":\"SearchAction\",\"target\":{\"@type\":\"EntryPoint\",\"urlTemplate\":\"https:\/\/rodrigosolorzano.com\/?s={search_term_string}\"},\"query-input\":{\"@type\":\"PropertyValueSpecification\",\"valueRequired\":true,\"valueName\":\"search_term_string\"}}],\"inLanguage\":\"en-US\"}]}<\/script>\n<!-- \/ Yoast SEO plugin. -->","yoast_head_json":{"title":"Oryx - Rodrigo Solorzano","robots":{"index":"noindex","follow":"follow","max-snippet":"max-snippet:-1","max-image-preview":"max-image-preview:large","max-video-preview":"max-video-preview:-1"},"og_locale":"en_US","og_type":"article","og_title":"Oryx - Rodrigo Solorzano","og_description":"El \u00f3rix \u00e1rabe, un majestuoso ant\u00edlope blanco, prospera en las duras condiciones del desierto. Conocido por sus largos cuernos rectos y marcadas manchas negras, estuvo al borde de la extinci\u00f3n pero ha logrado un notable regreso gracias a los esfuerzos de conservaci\u00f3n. Es un s\u00edmbolo de resistencia en la pen\u00ednsula ar\u00e1biga.","og_url":"https:\/\/rodrigosolorzano.com\/en\/product\/oryx\/","og_site_name":"Rodrigo Solorzano","article_modified_time":"2025-10-15T17:46:18+00:00","og_image":[{"width":1439,"height":1080,"url":"https:\/\/rodrigosolorzano.com\/wp-content\/uploads\/2023\/11\/ORYXpng-Grande.jpg","type":"image\/jpeg"}],"twitter_card":"summary_large_image","twitter_misc":{"Est. reading time":"1 minute"},"schema":{"@context":"https:\/\/schema.org","@graph":[{"@type":"WebPage","@id":"https:\/\/rodrigosolorzano.com\/producto\/oryx\/","url":"https:\/\/rodrigosolorzano.com\/producto\/oryx\/","name":"Oryx - Rodrigo Solorzano","isPartOf":{"@id":"https:\/\/rodrigosolorzano.com\/#website"},"primaryImageOfPage":{"@id":"https:\/\/rodrigosolorzano.com\/producto\/oryx\/#primaryimage"},"image":{"@id":"https:\/\/rodrigosolorzano.com\/producto\/oryx\/#primaryimage"},"thumbnailUrl":"https:\/\/rodrigosolorzano.com\/wp-content\/uploads\/2023\/11\/ORYXpng-Grande.jpg","datePublished":"2023-11-29T19:21:21+00:00","dateModified":"2025-10-15T17:46:18+00:00","breadcrumb":{"@id":"https:\/\/rodrigosolorzano.com\/producto\/oryx\/#breadcrumb"},"inLanguage":"en-US","potentialAction":[{"@type":"ReadAction","target":["https:\/\/rodrigosolorzano.com\/producto\/oryx\/"]}]},{"@type":"ImageObject","inLanguage":"en-US","@id":"https:\/\/rodrigosolorzano.com\/producto\/oryx\/#primaryimage","url":"https:\/\/rodrigosolorzano.com\/wp-content\/uploads\/2023\/11\/ORYXpng-Grande.jpg","contentUrl":"https:\/\/rodrigosolorzano.com\/wp-content\/uploads\/2023\/11\/ORYXpng-Grande.jpg","width":1439,"height":1080},{"@type":"BreadcrumbList","@id":"https:\/\/rodrigosolorzano.com\/producto\/oryx\/#breadcrumb","itemListElement":[{"@type":"ListItem","position":1,"name":"Tienda","item":"https:\/\/rodrigosolorzano.com\/tienda\/"},{"@type":"ListItem","position":2,"name":"Oryx"}]},{"@type":"WebSite","@id":"https:\/\/rodrigosolorzano.com\/#website","url":"https:\/\/rodrigosolorzano.com\/","name":"Rodrigo Solorzano","description":"Sculptural Exploration Study","potentialAction":[{"@type":"SearchAction","target":{"@type":"EntryPoint","urlTemplate":"https:\/\/rodrigosolorzano.com\/?s={search_term_string}"},"query-input":{"@type":"PropertyValueSpecification","valueRequired":true,"valueName":"search_term_string"}}],"inLanguage":"en-US"}]}},"_links":{"self":[{"href":"https:\/\/rodrigosolorzano.com\/en\/wp-json\/wp\/v2\/product\/3998","targetHints":{"allow":["GET"]}}],"collection":[{"href":"https:\/\/rodrigosolorzano.com\/en\/wp-json\/wp\/v2\/product"}],"about":[{"href":"https:\/\/rodrigosolorzano.com\/en\/wp-json\/wp\/v2\/types\/product"}],"replies":[{"embeddable":true,"href":"https:\/\/rodrigosolorzano.com\/en\/wp-json\/wp\/v2\/comments?post=3998"}],"version-history":[{"count":0,"href":"https:\/\/rodrigosolorzano.com\/en\/wp-json\/wp\/v2\/product\/3998\/revisions"}],"wp:featuredmedia":[{"embeddable":true,"href":"https:\/\/rodrigosolorzano.com\/en\/wp-json\/wp\/v2\/media\/3784"}],"wp:attachment":[{"href":"https:\/\/rodrigosolorzano.com\/en\/wp-json\/wp\/v2\/media?parent=3998"}],"wp:term":[{"taxonomy":"product_brand","embeddable":true,"href":"https:\/\/rodrigosolorzano.com\/en\/wp-json\/wp\/v2\/product_brand?post=3998"},{"taxonomy":"product_cat","embeddable":true,"href":"https:\/\/rodrigosolorzano.com\/en\/wp-json\/wp\/v2\/product_cat?post=3998"},{"taxonomy":"product_tag","embeddable":true,"href":"https:\/\/rodrigosolorzano.com\/en\/wp-json\/wp\/v2\/product_tag?post=3998"}],"curies":[{"name":"wp","href":"https:\/\/api.w.org\/{rel}","templated":true}]}}