{"id":4012,"date":"2023-11-29T13:25:48","date_gmt":"2023-11-29T19:25:48","guid":{"rendered":"https:\/\/www.bestiario.art\/staging\/?p=4012"},"modified":"2025-10-15T11:46:53","modified_gmt":"2025-10-15T17:46:53","slug":"tiburon-martillo","status":"publish","type":"product","link":"https:\/\/rodrigosolorzano.com\/en\/product\/tiburon-martillo\/","title":{"rendered":"Hammerhead Shark"},"content":{"rendered":"","protected":false},"excerpt":{"rendered":"<p>The hammerhead shark, with its distinctive hammer-shaped head, stands out in the ocean. This unique structure, called a cephalophoid, enhances its sensory capabilities, aiding it in hunting prey such as manta rays. They are found in warm waters worldwide and often swim in schools during the day. They are known for their agility and sharp maneuvering skills underwater.<\/p>","protected":false},"featured_media":3785,"comment_status":"closed","ping_status":"closed","template":"","meta":{"_acf_changed":false},"product_brand":[],"product_cat":[68],"product_tag":[],"class_list":{"0":"post-4012","1":"product","2":"type-product","3":"status-publish","4":"has-post-thumbnail","6":"product_cat-juguetes","8":"first","9":"instock","10":"shipping-taxable","11":"purchasable","12":"product-type-simple"},"acf":[],"yoast_head":"<!-- This site is optimized with the Yoast SEO plugin v26.0 - https:\/\/yoast.com\/wordpress\/plugins\/seo\/ -->\n<title>Tiburon Martillo - Rodrigo Solorzano<\/title>\n<meta name=\"robots\" content=\"noindex, follow, max-snippet:-1, max-image-preview:large, max-video-preview:-1\" \/>\n<meta property=\"og:locale\" content=\"en_US\" \/>\n<meta property=\"og:type\" content=\"article\" \/>\n<meta property=\"og:title\" content=\"Tiburon Martillo - Rodrigo Solorzano\" \/>\n<meta property=\"og:description\" content=\"El tibur\u00f3n martillo, con su distintiva cabeza en forma de martillo, destaca en el oc\u00e9ano. Esta estructura \u00fanica, llamada cefalofoide, mejora sus capacidades sensoriales, ayud\u00e1ndole en la caza de presas como las mantarrayas. Se encuentran en aguas c\u00e1lidas de todo el mundo y a menudo nadan en bancos durante el d\u00eda. Son conocidos por su agilidad y habilidades de maniobra afiladas bajo el agua.\" \/>\n<meta property=\"og:url\" content=\"https:\/\/rodrigosolorzano.com\/en\/product\/tiburon-martillo\/\" \/>\n<meta property=\"og:site_name\" content=\"Rodrigo Solorzano\" \/>\n<meta property=\"article:modified_time\" content=\"2025-10-15T17:46:53+00:00\" \/>\n<meta property=\"og:image\" content=\"https:\/\/rodrigosolorzano.com\/wp-content\/uploads\/2023\/11\/TIBURON_MARTILLO-Grande.jpg\" \/>\n\t<meta property=\"og:image:width\" content=\"1439\" \/>\n\t<meta property=\"og:image:height\" content=\"1080\" \/>\n\t<meta property=\"og:image:type\" content=\"image\/jpeg\" \/>\n<meta name=\"twitter:card\" content=\"summary_large_image\" \/>\n<meta name=\"twitter:label1\" content=\"Est. reading time\" \/>\n\t<meta name=\"twitter:data1\" content=\"1 minute\" \/>\n<script type=\"application\/ld+json\" class=\"yoast-schema-graph\">{\"@context\":\"https:\/\/schema.org\",\"@graph\":[{\"@type\":\"WebPage\",\"@id\":\"https:\/\/rodrigosolorzano.com\/producto\/tiburon-martillo\/\",\"url\":\"https:\/\/rodrigosolorzano.com\/producto\/tiburon-martillo\/\",\"name\":\"Tiburon Martillo - Rodrigo Solorzano\",\"isPartOf\":{\"@id\":\"https:\/\/rodrigosolorzano.com\/#website\"},\"primaryImageOfPage\":{\"@id\":\"https:\/\/rodrigosolorzano.com\/producto\/tiburon-martillo\/#primaryimage\"},\"image\":{\"@id\":\"https:\/\/rodrigosolorzano.com\/producto\/tiburon-martillo\/#primaryimage\"},\"thumbnailUrl\":\"https:\/\/rodrigosolorzano.com\/wp-content\/uploads\/2023\/11\/TIBURON_MARTILLO-Grande.jpg\",\"datePublished\":\"2023-11-29T19:25:48+00:00\",\"dateModified\":\"2025-10-15T17:46:53+00:00\",\"breadcrumb\":{\"@id\":\"https:\/\/rodrigosolorzano.com\/producto\/tiburon-martillo\/#breadcrumb\"},\"inLanguage\":\"en-US\",\"potentialAction\":[{\"@type\":\"ReadAction\",\"target\":[\"https:\/\/rodrigosolorzano.com\/producto\/tiburon-martillo\/\"]}]},{\"@type\":\"ImageObject\",\"inLanguage\":\"en-US\",\"@id\":\"https:\/\/rodrigosolorzano.com\/producto\/tiburon-martillo\/#primaryimage\",\"url\":\"https:\/\/rodrigosolorzano.com\/wp-content\/uploads\/2023\/11\/TIBURON_MARTILLO-Grande.jpg\",\"contentUrl\":\"https:\/\/rodrigosolorzano.com\/wp-content\/uploads\/2023\/11\/TIBURON_MARTILLO-Grande.jpg\",\"width\":1439,\"height\":1080},{\"@type\":\"BreadcrumbList\",\"@id\":\"https:\/\/rodrigosolorzano.com\/producto\/tiburon-martillo\/#breadcrumb\",\"itemListElement\":[{\"@type\":\"ListItem\",\"position\":1,\"name\":\"Tienda\",\"item\":\"https:\/\/rodrigosolorzano.com\/tienda\/\"},{\"@type\":\"ListItem\",\"position\":2,\"name\":\"Tiburon Martillo\"}]},{\"@type\":\"WebSite\",\"@id\":\"https:\/\/rodrigosolorzano.com\/#website\",\"url\":\"https:\/\/rodrigosolorzano.com\/\",\"name\":\"Rodrigo Solorzano\",\"description\":\"Estudio de Exploraci\u00f3n Escult\u00f3rica\",\"potentialAction\":[{\"@type\":\"SearchAction\",\"target\":{\"@type\":\"EntryPoint\",\"urlTemplate\":\"https:\/\/rodrigosolorzano.com\/?s={search_term_string}\"},\"query-input\":{\"@type\":\"PropertyValueSpecification\",\"valueRequired\":true,\"valueName\":\"search_term_string\"}}],\"inLanguage\":\"en-US\"}]}<\/script>\n<!-- \/ Yoast SEO plugin. -->","yoast_head_json":{"title":"Tiburon Martillo - Rodrigo Solorzano","robots":{"index":"noindex","follow":"follow","max-snippet":"max-snippet:-1","max-image-preview":"max-image-preview:large","max-video-preview":"max-video-preview:-1"},"og_locale":"en_US","og_type":"article","og_title":"Tiburon Martillo - Rodrigo Solorzano","og_description":"El tibur\u00f3n martillo, con su distintiva cabeza en forma de martillo, destaca en el oc\u00e9ano. Esta estructura \u00fanica, llamada cefalofoide, mejora sus capacidades sensoriales, ayud\u00e1ndole en la caza de presas como las mantarrayas. Se encuentran en aguas c\u00e1lidas de todo el mundo y a menudo nadan en bancos durante el d\u00eda. Son conocidos por su agilidad y habilidades de maniobra afiladas bajo el agua.","og_url":"https:\/\/rodrigosolorzano.com\/en\/product\/tiburon-martillo\/","og_site_name":"Rodrigo Solorzano","article_modified_time":"2025-10-15T17:46:53+00:00","og_image":[{"width":1439,"height":1080,"url":"https:\/\/rodrigosolorzano.com\/wp-content\/uploads\/2023\/11\/TIBURON_MARTILLO-Grande.jpg","type":"image\/jpeg"}],"twitter_card":"summary_large_image","twitter_misc":{"Est. reading time":"1 minute"},"schema":{"@context":"https:\/\/schema.org","@graph":[{"@type":"WebPage","@id":"https:\/\/rodrigosolorzano.com\/producto\/tiburon-martillo\/","url":"https:\/\/rodrigosolorzano.com\/producto\/tiburon-martillo\/","name":"Tiburon Martillo - Rodrigo Solorzano","isPartOf":{"@id":"https:\/\/rodrigosolorzano.com\/#website"},"primaryImageOfPage":{"@id":"https:\/\/rodrigosolorzano.com\/producto\/tiburon-martillo\/#primaryimage"},"image":{"@id":"https:\/\/rodrigosolorzano.com\/producto\/tiburon-martillo\/#primaryimage"},"thumbnailUrl":"https:\/\/rodrigosolorzano.com\/wp-content\/uploads\/2023\/11\/TIBURON_MARTILLO-Grande.jpg","datePublished":"2023-11-29T19:25:48+00:00","dateModified":"2025-10-15T17:46:53+00:00","breadcrumb":{"@id":"https:\/\/rodrigosolorzano.com\/producto\/tiburon-martillo\/#breadcrumb"},"inLanguage":"en-US","potentialAction":[{"@type":"ReadAction","target":["https:\/\/rodrigosolorzano.com\/producto\/tiburon-martillo\/"]}]},{"@type":"ImageObject","inLanguage":"en-US","@id":"https:\/\/rodrigosolorzano.com\/producto\/tiburon-martillo\/#primaryimage","url":"https:\/\/rodrigosolorzano.com\/wp-content\/uploads\/2023\/11\/TIBURON_MARTILLO-Grande.jpg","contentUrl":"https:\/\/rodrigosolorzano.com\/wp-content\/uploads\/2023\/11\/TIBURON_MARTILLO-Grande.jpg","width":1439,"height":1080},{"@type":"BreadcrumbList","@id":"https:\/\/rodrigosolorzano.com\/producto\/tiburon-martillo\/#breadcrumb","itemListElement":[{"@type":"ListItem","position":1,"name":"Tienda","item":"https:\/\/rodrigosolorzano.com\/tienda\/"},{"@type":"ListItem","position":2,"name":"Tiburon Martillo"}]},{"@type":"WebSite","@id":"https:\/\/rodrigosolorzano.com\/#website","url":"https:\/\/rodrigosolorzano.com\/","name":"Rodrigo Solorzano","description":"Sculptural Exploration Study","potentialAction":[{"@type":"SearchAction","target":{"@type":"EntryPoint","urlTemplate":"https:\/\/rodrigosolorzano.com\/?s={search_term_string}"},"query-input":{"@type":"PropertyValueSpecification","valueRequired":true,"valueName":"search_term_string"}}],"inLanguage":"en-US"}]}},"_links":{"self":[{"href":"https:\/\/rodrigosolorzano.com\/en\/wp-json\/wp\/v2\/product\/4012","targetHints":{"allow":["GET"]}}],"collection":[{"href":"https:\/\/rodrigosolorzano.com\/en\/wp-json\/wp\/v2\/product"}],"about":[{"href":"https:\/\/rodrigosolorzano.com\/en\/wp-json\/wp\/v2\/types\/product"}],"replies":[{"embeddable":true,"href":"https:\/\/rodrigosolorzano.com\/en\/wp-json\/wp\/v2\/comments?post=4012"}],"version-history":[{"count":0,"href":"https:\/\/rodrigosolorzano.com\/en\/wp-json\/wp\/v2\/product\/4012\/revisions"}],"wp:featuredmedia":[{"embeddable":true,"href":"https:\/\/rodrigosolorzano.com\/en\/wp-json\/wp\/v2\/media\/3785"}],"wp:attachment":[{"href":"https:\/\/rodrigosolorzano.com\/en\/wp-json\/wp\/v2\/media?parent=4012"}],"wp:term":[{"taxonomy":"product_brand","embeddable":true,"href":"https:\/\/rodrigosolorzano.com\/en\/wp-json\/wp\/v2\/product_brand?post=4012"},{"taxonomy":"product_cat","embeddable":true,"href":"https:\/\/rodrigosolorzano.com\/en\/wp-json\/wp\/v2\/product_cat?post=4012"},{"taxonomy":"product_tag","embeddable":true,"href":"https:\/\/rodrigosolorzano.com\/en\/wp-json\/wp\/v2\/product_tag?post=4012"}],"curies":[{"name":"wp","href":"https:\/\/api.w.org\/{rel}","templated":true}]}}